{"id":5358,"date":"2023-07-13T11:42:30","date_gmt":"2023-07-13T09:42:30","guid":{"rendered":"https:\/\/dev.ipericon.co.uk\/?page_id=5358"},"modified":"2023-07-28T15:07:14","modified_gmt":"2023-07-28T13:07:14","slug":"recommendations","status":"publish","type":"page","link":"https:\/\/dev.ipericon.co.uk\/en\/partners\/recommendations\/","title":{"rendered":"Referral programme"},"content":{"rendered":"<section class=\"vc_section page-2-subpages row-1 vc_custom_1689236388000 vc_section-has-fill\"><section class=\"container-wrap  main-color\"  style=\"height: 475px\" ><div class=\"section-container container\"><div class=\"vc_row vc_row-fluid row\"><div class=\"wpb_column vc_column_container vc_col-sm-12\"><div class=\"vc_column-inner\"><div class=\"wpb_wrapper\"><div class=\"wpb_single_image wpb_content_element vc_align_left\"><figure class=\"wpb_wrapper vc_figure\"><div class=\"vc_single_image-wrapper   vc_box_border_grey\"><img loading=\"lazy\" decoding=\"async\" width=\"2048\" height=\"839\" src=\"https:\/\/dev.ipericon.co.uk\/wp-content\/uploads\/2018\/06\/rawpixel-558596-unsplash_klein_v2.jpg\" class=\"vc_single_image-img attachment-full\" alt=\"\" srcset=\"https:\/\/dev.ipericon.co.uk\/wp-content\/uploads\/2018\/06\/rawpixel-558596-unsplash_klein_v2.jpg 2048w, https:\/\/dev.ipericon.co.uk\/wp-content\/uploads\/2018\/06\/rawpixel-558596-unsplash_klein_v2-300x123.jpg 300w, https:\/\/dev.ipericon.co.uk\/wp-content\/uploads\/2018\/06\/rawpixel-558596-unsplash_klein_v2-768x315.jpg 768w, https:\/\/dev.ipericon.co.uk\/wp-content\/uploads\/2018\/06\/rawpixel-558596-unsplash_klein_v2-1536x629.jpg 1536w, https:\/\/dev.ipericon.co.uk\/wp-content\/uploads\/2018\/06\/rawpixel-558596-unsplash_klein_v2-672x275.jpg 672w, https:\/\/dev.ipericon.co.uk\/wp-content\/uploads\/2018\/06\/rawpixel-558596-unsplash_klein_v2-1038x425.jpg 1038w, https:\/\/dev.ipericon.co.uk\/wp-content\/uploads\/2018\/06\/rawpixel-558596-unsplash_klein_v2-1024x419.jpg 1024w\" sizes=\"auto, (max-width: 2048px) 100vw, 2048px\" title=\"rawpixel-558596-unsplash_klein_v2\" \/><\/div><\/figure><\/div><div class=\"vc_icon_element vc_icon_element-outer vc_icon_element-align-center vc_icon_element-have-style\"><div class=\"vc_icon_element-inner vc_icon_element-color-custom vc_icon_element-have-style-inner vc_icon_element-size-lg vc_icon_element-style-rounded-outline vc_icon_element-outline vc_icon_element-background-color-custom\"  style=\"border-color:#9c142b\"><span class=\"vc_icon_element-icon fa fa-star\" style=\"color:#9c142b !important\"><\/span><\/div><\/div><\/div><\/div><\/div><\/div><\/div><\/section><!-- end section --><section class=\"container-wrap  main-color\"  style=\"padding-top:0px;padding-bottom:0px\" ><div class=\"section-container container\"><div class=\"vc_row vc_row-fluid row\"><div class=\"wpb_column vc_column_container vc_col-sm-12\"><div class=\"vc_column-inner\"><div class=\"wpb_wrapper\">\n\t<div class=\"kleo_text_column wpb_content_element  lead\" style=\" color:#444444;\">\n\t\t<div class=\"wpb_wrapper\">\n\t\t\t<h1 style=\"text-align: center;\">Referral programme<\/h1>\n<p style=\"text-align: center;\">Do you want to use your contacts to potential interested parties for ipericon UK services and products quickly and easily or develop new business potential without being involved in a partner programme straight away? Then the ipericon UK referral programme is the right choice for you.<\/p>\n\n\t\t<\/div> \n\t<\/div> \n\t<div class=\"kleo_text_column wpb_content_element  lead\" style=\" color:#444444;\">\n\t\t<div class=\"wpb_wrapper\">\n\t\t\t<h3>Among others, the following factors characterise the referral programme:*.<\/h3>\n\n\t\t<\/div> \n\t<\/div> <\/div><\/div><\/div><\/div><\/div><\/section><!-- end section --><section class=\"container-wrap  image-text-column-2 main-color\"  ><div class=\"section-container container\"><div class=\"vc_row vc_row-fluid row\"><div class=\"wpb_column vc_column_container vc_col-sm-6\"><div class=\"vc_column-inner\"><div class=\"wpb_wrapper\">\n\t<div class=\"kleo_text_column wpb_content_element  listextra\" style=\" color:#444444;\">\n\t\t<div class=\"wpb_wrapper\">\n\t\t\t<ul>\n<li>You have registered free of charge and without obligation.<\/li>\n<li>You attract the sustained interest of your business partner with the ipericon services and products.<\/li>\n<\/ul>\n\n\t\t<\/div> \n\t<\/div> <\/div><\/div><\/div><div class=\"wpb_column vc_column_container vc_col-sm-6\"><div class=\"vc_column-inner\"><div class=\"wpb_wrapper\">\n\t<div class=\"kleo_text_column wpb_content_element\" style=\" color:#444444;\">\n\t\t<div class=\"wpb_wrapper\">\n\t\t\t<ul>\n<li>Your referral of this qualified lead leads to a business deal with us.<\/li>\n<li>No investment or specific product knowledge is required.<\/li>\n<\/ul>\n\n\t\t<\/div> \n\t<\/div> <\/div><\/div><\/div><\/div><\/div><\/section><!-- end section --><section class=\"container-wrap  main-color\"  style=\"padding-top:40px\" ><div class=\"section-container container\"><div class=\"vc_row vc_row-fluid row\"><div class=\"wpb_column vc_column_container vc_col-sm-12\"><div class=\"vc_column-inner\"><div class=\"wpb_wrapper\">\n\t<div class=\"kleo_text_column wpb_content_element  text lead\" style=\" color:#444444;\">\n\t\t<div class=\"wpb_wrapper\">\n\t\t\t<h3>What do you get out of it?<\/h3>\n\n\t\t<\/div> \n\t<\/div> <\/div><\/div><\/div><\/div><\/div><\/section><!-- end section --><section class=\"container-wrap  image-text-column-2 main-color\"  ><div class=\"section-container container\"><div class=\"vc_row vc_row-fluid row\"><div class=\"wpb_column vc_column_container vc_col-sm-6\"><div class=\"vc_column-inner\"><div class=\"wpb_wrapper\">\n\t<div class=\"kleo_text_column wpb_content_element  listextra\" style=\" color:#444444;\">\n\t\t<div class=\"wpb_wrapper\">\n\t\t\t<ul>\n<li>Additional revenue through signing bonuses amounting to 10% of the net annual revenue generated from software-as-a-service services for i-taros*.<\/li>\n<li>Expansion of the company's own product range and thus an additional range of services for its own customers along the value chain.<\/li>\n<\/ul>\n\n\t\t<\/div> \n\t<\/div> <\/div><\/div><\/div><div class=\"wpb_column vc_column_container vc_col-sm-6\"><div class=\"vc_column-inner\"><div class=\"wpb_wrapper\">\n\t<div class=\"kleo_text_column wpb_content_element\" style=\" color:#444444;\">\n\t\t<div class=\"wpb_wrapper\">\n\t\t\t<ul>\n<li>Cross-selling opportunities<\/li>\n<li>No entry costs<\/li>\n<li>No specific product knowledge required<\/li>\n<li>Access to information material and support<\/li>\n<\/ul>\n\n\t\t<\/div> \n\t<\/div> <\/div><\/div><\/div><\/div><\/div><\/section><!-- end section --><section class=\"container-wrap  main-color\"  style=\"padding-top:40px;padding-bottom:40px\" ><div class=\"section-container container\"><div class=\"vc_row vc_row-fluid row\"><div class=\"wpb_column vc_column_container vc_col-sm-12\"><div class=\"vc_column-inner\"><div class=\"wpb_wrapper\">\n\t<div class=\"kleo_text_column wpb_content_element\" style=\" color:#444444;\">\n\t\t<div class=\"wpb_wrapper\">\n\t\t\t<h4>Are you interested in participating in the recommendation programme? Our partner service will be happy to help you!<\/h4>\n<p>*For details see conditions of participation<\/p>\n\n\t\t<\/div> \n\t<\/div> <\/div><\/div><\/div><\/div><\/div><\/section><!-- end section --><section class=\"container-wrap  main-color\"  style=\"padding-top:60px;padding-bottom:30px\" ><div class=\"section-container container\"><div class=\"vc_row vc_row-fluid row\"><div class=\"wpb_column vc_column_container vc_col-sm-12\"><div class=\"vc_column-inner\"><div class=\"wpb_wrapper\"><div class=\"vc_separator wpb_content_element vc_separator_align_center vc_sep_width_100 vc_sep_pos_align_center vc_sep_color_grey vc_separator-has-text\" ><span class=\"vc_sep_holder vc_sep_holder_l\"><span  class=\"vc_sep_line\"><\/span><\/span><h4>More partner programmes<\/h4><span class=\"vc_sep_holder vc_sep_holder_r\"><span  class=\"vc_sep_line\"><\/span><\/span>\n<\/div><\/div><\/div><\/div><\/div><\/div><\/section><!-- end section --><section class=\"container-wrap  main-color\"  style=\"padding-top:40px;padding-bottom:40px\" ><div class=\"section-container container\"><div class=\"vc_row vc_row-fluid row\"><div class=\"wpb_column vc_column_container vc_col-sm-4\"><div class=\"vc_column-inner\"><div class=\"wpb_wrapper\"><div class=\"vc_btn3-container vc_btn3-inline\" ><a onmouseleave=\"this.style.borderColor='#9c142a'; this.style.backgroundColor='transparent'; this.style.color='#9c142a'\" onmouseenter=\"this.style.borderColor='#7a0020'; this.style.backgroundColor='#7a0020'; this.style.color='#ffffff';\" style=\"border-color:#9c142a; color:#9c142a;\" class=\"vc_general vc_btn3 vc_btn3-size-md vc_btn3-shape-rounded vc_btn3-style-outline-custom vc_btn3-icon-left\" href=\"https:\/\/dev.ipericon.co.uk\/en\/partners\/var-partnership\/\" title=\"\"><i class=\"vc_btn3-icon fa fa-users\"><\/i> Value Added Reseller (VAR)<\/a><\/div><\/div><\/div><\/div><div class=\"wpb_column vc_column_container vc_col-sm-4\"><div class=\"vc_column-inner\"><div class=\"wpb_wrapper\"><div class=\"vc_btn3-container vc_btn3-inline\" ><a onmouseleave=\"this.style.borderColor='#9c142a'; this.style.backgroundColor='transparent'; this.style.color='#9c142a'\" onmouseenter=\"this.style.borderColor='#7a0020'; this.style.backgroundColor='#7a0020'; this.style.color='#ffffff';\" style=\"border-color:#9c142a; color:#9c142a;\" class=\"vc_general vc_btn3 vc_btn3-size-md vc_btn3-shape-rounded vc_btn3-style-outline-custom vc_btn3-icon-left\" href=\"https:\/\/dev.ipericon.co.uk\/en\/partners\/solutions-partnership\/\" title=\"\"><i class=\"vc_btn3-icon fa fa-wrench\"><\/i> Solutions partnership<\/a><\/div><\/div><\/div><\/div><div class=\"wpb_column vc_column_container vc_col-sm-4\"><div class=\"vc_column-inner\"><div class=\"wpb_wrapper\"><div class=\"vc_btn3-container vc_btn3-inline\" ><a onmouseleave=\"this.style.borderColor='#9c142a'; this.style.backgroundColor='transparent'; this.style.color='#9c142a'\" onmouseenter=\"this.style.borderColor='#7a0020'; this.style.backgroundColor='#7a0020'; this.style.color='#ffffff';\" style=\"border-color:#9c142a; color:#9c142a;\" class=\"vc_general vc_btn3 vc_btn3-size-md vc_btn3-shape-rounded vc_btn3-style-outline-custom vc_btn3-icon-left\" href=\"https:\/\/dev.ipericon.co.uk\/en\/partners\/distributions-partnership\" title=\"\"><i class=\"vc_btn3-icon fa fa-cubes\"><\/i> Distribution partnership<\/a><\/div><\/div><\/div><\/div><\/div><\/div><\/section><!-- end section --><\/section>","protected":false},"excerpt":{"rendered":"Empfehlungsprogramm Sie wollen Ihre Kontakte zu potentiellen Interessenten f\u00fcr ipericon UK-Leistungen und -Produkte schnell und einfach nutzen oder neue Gesch\u00e4ftspotenziale erschlie\u00dfen, ohne gleich in einem Partnerprogramm eingebunden zu sein? Dann sind Sie im ipericon UK-Empfehlungsprogramm richtig. U.a. kennzeichnen folgende Faktoren das Empfehlungsprogramm:* \u00bb Sie haben sich kostenfrei und unverbindlich angemeldet. \u00bb Sie sto\u00dfen mit den ipericon-Leistungen und -Produkten auf nachhaltiges [...]","protected":false},"author":3,"featured_media":0,"parent":5162,"menu_order":0,"comment_status":"closed","ping_status":"closed","template":"page-templates\/right_sidebar.php","meta":{"footnotes":""},"class_list":["post-5358","page","type-page","status-publish","hentry"],"yoast_head":"<!-- This site is optimized with the Yoast SEO plugin v20.10 - https:\/\/yoast.com\/wordpress\/plugins\/seo\/ -->\n<title>Referral programme - Ipericon UK Ltd.<\/title>\n<meta name=\"description\" content=\"In the referral programme, you can turn your contacts into potential prospects for ipericon UK Ltd. services and products, without being tied to a partner programme.\" \/>\n<meta name=\"robots\" content=\"index, follow, max-snippet:-1, max-image-preview:large, max-video-preview:-1\" \/>\n<link rel=\"canonical\" href=\"https:\/\/dev.ipericon.co.uk\/en\/partners\/recommendations\/\" \/>\n<meta property=\"og:locale\" content=\"en_GB\" \/>\n<meta property=\"og:type\" content=\"article\" \/>\n<meta property=\"og:title\" content=\"Referral programme - Ipericon UK Ltd.\" \/>\n<meta property=\"og:description\" content=\"In the referral programme, you can turn your contacts into potential prospects for ipericon UK Ltd. services and products, without being tied to a partner programme.\" \/>\n<meta property=\"og:url\" content=\"https:\/\/dev.ipericon.co.uk\/en\/partners\/recommendations\/\" \/>\n<meta property=\"og:site_name\" content=\"Ipericon UK Ltd.\" \/>\n<meta property=\"article:publisher\" content=\"https:\/\/www.facebook.com\/buit.group\" \/>\n<meta property=\"article:modified_time\" content=\"2023-07-28T13:07:14+00:00\" \/>\n<meta name=\"twitter:card\" content=\"summary_large_image\" \/>\n<meta name=\"twitter:site\" content=\"@BuIT_Group\" \/>\n<meta name=\"twitter:label1\" content=\"Estimated reading time\" \/>\n\t<meta name=\"twitter:data1\" content=\"2 minutes\" \/>\n<script type=\"application\/ld+json\" class=\"yoast-schema-graph\">{\"@context\":\"https:\/\/schema.org\",\"@graph\":[{\"@type\":\"WebPage\",\"@id\":\"https:\/\/dev.ipericon.co.uk\/partners\/recommendations\/\",\"url\":\"https:\/\/dev.ipericon.co.uk\/partners\/recommendations\/\",\"name\":\"Referral programme - Ipericon UK Ltd.\",\"isPartOf\":{\"@id\":\"https:\/\/dev.ipericon.co.uk\/en\/#website\"},\"datePublished\":\"2023-07-13T09:42:30+00:00\",\"dateModified\":\"2023-07-28T13:07:14+00:00\",\"description\":\"In the referral programme, you can turn your contacts into potential prospects for ipericon UK Ltd. services and products, without being tied to a partner programme.\",\"breadcrumb\":{\"@id\":\"https:\/\/dev.ipericon.co.uk\/partners\/recommendations\/#breadcrumb\"},\"inLanguage\":\"en-GB\",\"potentialAction\":[{\"@type\":\"ReadAction\",\"target\":[\"https:\/\/dev.ipericon.co.uk\/partners\/recommendations\/\"]}]},{\"@type\":\"BreadcrumbList\",\"@id\":\"https:\/\/dev.ipericon.co.uk\/partners\/recommendations\/#breadcrumb\",\"itemListElement\":[{\"@type\":\"ListItem\",\"position\":1,\"name\":\"Our Partners\",\"item\":\"https:\/\/dev.ipericon.co.uk\/partners\/\"},{\"@type\":\"ListItem\",\"position\":2,\"name\":\"Referral programme\"}]},{\"@type\":\"WebSite\",\"@id\":\"https:\/\/dev.ipericon.co.uk\/en\/#website\",\"url\":\"https:\/\/dev.ipericon.co.uk\/en\/\",\"name\":\"Ipericon UK Ltd.\",\"description\":\"tailor-made software solutions in the cloud\",\"potentialAction\":[{\"@type\":\"SearchAction\",\"target\":{\"@type\":\"EntryPoint\",\"urlTemplate\":\"https:\/\/dev.ipericon.co.uk\/en\/?s={search_term_string}\"},\"query-input\":\"required name=search_term_string\"}],\"inLanguage\":\"en-GB\"}]}<\/script>\n<!-- \/ Yoast SEO plugin. -->","yoast_head_json":{"title":"Referral programme - Ipericon UK Ltd.","description":"In the referral programme, you can turn your contacts into potential prospects for ipericon UK Ltd. services and products, without being tied to a partner programme.","robots":{"index":"index","follow":"follow","max-snippet":"max-snippet:-1","max-image-preview":"max-image-preview:large","max-video-preview":"max-video-preview:-1"},"canonical":"https:\/\/dev.ipericon.co.uk\/en\/partners\/recommendations\/","og_locale":"en_GB","og_type":"article","og_title":"Referral programme - Ipericon UK Ltd.","og_description":"In the referral programme, you can turn your contacts into potential prospects for ipericon UK Ltd. services and products, without being tied to a partner programme.","og_url":"https:\/\/dev.ipericon.co.uk\/en\/partners\/recommendations\/","og_site_name":"Ipericon UK Ltd.","article_publisher":"https:\/\/www.facebook.com\/buit.group","article_modified_time":"2023-07-28T13:07:14+00:00","twitter_card":"summary_large_image","twitter_site":"@BuIT_Group","twitter_misc":{"Estimated reading time":"2 minutes"},"schema":{"@context":"https:\/\/schema.org","@graph":[{"@type":"WebPage","@id":"https:\/\/dev.ipericon.co.uk\/partners\/recommendations\/","url":"https:\/\/dev.ipericon.co.uk\/partners\/recommendations\/","name":"Referral programme - Ipericon UK Ltd.","isPartOf":{"@id":"https:\/\/dev.ipericon.co.uk\/en\/#website"},"datePublished":"2023-07-13T09:42:30+00:00","dateModified":"2023-07-28T13:07:14+00:00","description":"In the referral programme, you can turn your contacts into potential prospects for ipericon UK Ltd. services and products, without being tied to a partner programme.","breadcrumb":{"@id":"https:\/\/dev.ipericon.co.uk\/partners\/recommendations\/#breadcrumb"},"inLanguage":"en-GB","potentialAction":[{"@type":"ReadAction","target":["https:\/\/dev.ipericon.co.uk\/partners\/recommendations\/"]}]},{"@type":"BreadcrumbList","@id":"https:\/\/dev.ipericon.co.uk\/partners\/recommendations\/#breadcrumb","itemListElement":[{"@type":"ListItem","position":1,"name":"Our Partners","item":"https:\/\/dev.ipericon.co.uk\/partners\/"},{"@type":"ListItem","position":2,"name":"Referral programme"}]},{"@type":"WebSite","@id":"https:\/\/dev.ipericon.co.uk\/en\/#website","url":"https:\/\/dev.ipericon.co.uk\/en\/","name":"Ipericon UK Ltd.","description":"tailor-made software solutions in the cloud","potentialAction":[{"@type":"SearchAction","target":{"@type":"EntryPoint","urlTemplate":"https:\/\/dev.ipericon.co.uk\/en\/?s={search_term_string}"},"query-input":"required name=search_term_string"}],"inLanguage":"en-GB"}]}},"_links":{"self":[{"href":"https:\/\/dev.ipericon.co.uk\/en\/wp-json\/wp\/v2\/pages\/5358","targetHints":{"allow":["GET"]}}],"collection":[{"href":"https:\/\/dev.ipericon.co.uk\/en\/wp-json\/wp\/v2\/pages"}],"about":[{"href":"https:\/\/dev.ipericon.co.uk\/en\/wp-json\/wp\/v2\/types\/page"}],"author":[{"embeddable":true,"href":"https:\/\/dev.ipericon.co.uk\/en\/wp-json\/wp\/v2\/users\/3"}],"replies":[{"embeddable":true,"href":"https:\/\/dev.ipericon.co.uk\/en\/wp-json\/wp\/v2\/comments?post=5358"}],"version-history":[{"count":10,"href":"https:\/\/dev.ipericon.co.uk\/en\/wp-json\/wp\/v2\/pages\/5358\/revisions"}],"predecessor-version":[{"id":5425,"href":"https:\/\/dev.ipericon.co.uk\/en\/wp-json\/wp\/v2\/pages\/5358\/revisions\/5425"}],"up":[{"embeddable":true,"href":"https:\/\/dev.ipericon.co.uk\/en\/wp-json\/wp\/v2\/pages\/5162"}],"wp:attachment":[{"href":"https:\/\/dev.ipericon.co.uk\/en\/wp-json\/wp\/v2\/media?parent=5358"}],"curies":[{"name":"wp","href":"https:\/\/api.w.org\/{rel}","templated":true}]}}