{"id":5356,"date":"2023-07-13T11:42:13","date_gmt":"2023-07-13T09:42:13","guid":{"rendered":"https:\/\/dev.ipericon.co.uk\/?page_id=5356"},"modified":"2023-08-15T15:15:40","modified_gmt":"2023-08-15T13:15:40","slug":"solutions-partnership","status":"publish","type":"page","link":"https:\/\/dev.ipericon.co.uk\/en\/partners\/solutions-partnership\/","title":{"rendered":"Solutions partnership"},"content":{"rendered":"<section class=\"vc_section page-2-subpages row-1 vc_custom_1689236388000 vc_section-has-fill\"><section class=\"container-wrap  main-color\"  style=\"height: 475px\" ><div class=\"section-container container\"><div class=\"vc_row vc_row-fluid row\"><div class=\"wpb_column vc_column_container vc_col-sm-12\"><div class=\"vc_column-inner\"><div class=\"wpb_wrapper\"><div class=\"wpb_single_image wpb_content_element vc_align_left\"><figure class=\"wpb_wrapper vc_figure\"><div class=\"vc_single_image-wrapper   vc_box_border_grey\"><img loading=\"lazy\" decoding=\"async\" width=\"2048\" height=\"839\" src=\"https:\/\/dev.ipericon.co.uk\/wp-content\/uploads\/2018\/06\/rawpixel-558596-unsplash_klein_v2.jpg\" class=\"vc_single_image-img attachment-full\" alt=\"\" srcset=\"https:\/\/dev.ipericon.co.uk\/wp-content\/uploads\/2018\/06\/rawpixel-558596-unsplash_klein_v2.jpg 2048w, https:\/\/dev.ipericon.co.uk\/wp-content\/uploads\/2018\/06\/rawpixel-558596-unsplash_klein_v2-300x123.jpg 300w, https:\/\/dev.ipericon.co.uk\/wp-content\/uploads\/2018\/06\/rawpixel-558596-unsplash_klein_v2-768x315.jpg 768w, https:\/\/dev.ipericon.co.uk\/wp-content\/uploads\/2018\/06\/rawpixel-558596-unsplash_klein_v2-1536x629.jpg 1536w, https:\/\/dev.ipericon.co.uk\/wp-content\/uploads\/2018\/06\/rawpixel-558596-unsplash_klein_v2-672x275.jpg 672w, https:\/\/dev.ipericon.co.uk\/wp-content\/uploads\/2018\/06\/rawpixel-558596-unsplash_klein_v2-1038x425.jpg 1038w, https:\/\/dev.ipericon.co.uk\/wp-content\/uploads\/2018\/06\/rawpixel-558596-unsplash_klein_v2-1024x419.jpg 1024w\" sizes=\"auto, (max-width: 2048px) 100vw, 2048px\" title=\"rawpixel-558596-unsplash_klein_v2\" \/><\/div><\/figure><\/div><div class=\"vc_icon_element vc_icon_element-outer vc_icon_element-align-center vc_icon_element-have-style\"><div class=\"vc_icon_element-inner vc_icon_element-color-custom vc_icon_element-have-style-inner vc_icon_element-size-lg vc_icon_element-style-rounded-outline vc_icon_element-outline vc_icon_element-background-color-custom\"  style=\"border-color:#9c142b\"><span class=\"vc_icon_element-icon fa fa-wrench\" style=\"color:#9c142b !important\"><\/span><\/div><\/div><\/div><\/div><\/div><\/div><\/div><\/section><!-- end section --><section class=\"container-wrap  main-color\"  ><div class=\"section-container container\"><div class=\"vc_row vc_row-fluid row\"><div class=\"wpb_column vc_column_container vc_col-sm-12\"><div class=\"vc_column-inner\"><div class=\"wpb_wrapper\">\n\t<div class=\"kleo_text_column wpb_content_element  lead\" style=\" color:#444444;\">\n\t\t<div class=\"wpb_wrapper\">\n\t\t\t<h1 style=\"text-align: center;\">Solutions partnership<\/h1>\n<p style=\"text-align: center;\">The Solutions Partnership is aimed at companies that want to provide independent services for their customers on the basis of or with the help of i-taros and thus achieve their own added value.<\/p>\n\n\t\t<\/div> \n\t<\/div> \n\t<div class=\"kleo_text_column wpb_content_element  lead\" style=\" color:#444444;\">\n\t\t<div class=\"wpb_wrapper\">\n\t\t\t<h3>You can achieve this, for example, by<\/h3>\n\n\t\t<\/div> \n\t<\/div> <\/div><\/div><\/div><\/div><\/div><\/section><!-- end section --><section class=\"container-wrap  image-text-column-2 main-color\"  ><div class=\"section-container container\"><div class=\"vc_row vc_row-fluid row\"><div class=\"wpb_column vc_column_container vc_col-sm-6\"><div class=\"vc_column-inner\"><div class=\"wpb_wrapper\">\n\t<div class=\"kleo_text_column wpb_content_element  listextra\" style=\" color:#444444;\">\n\t\t<div class=\"wpb_wrapper\">\n\t\t\t<ul>\n<li>Advising your customers during the introduction and use of i-taros regarding process optimisation,<\/li>\n<li>Developing requirements and concepts for customised adaptation and expansion of i-taros and thus contributing to optimal system solutions for your customers,<\/li>\n<li>Designing and creating new applications based on i-taros,<\/li>\n<li>Bringing i-taros into productive use within the framework of independent projects for system introduction at the customers' and supporting them with ongoing administration and support services,<\/li>\n<li>Expanding your software-as-a-service portfolio as providers of application service providing or cloud computing,<\/li>\n<\/ul>\n\n\t\t<\/div> \n\t<\/div> <\/div><\/div><\/div><div class=\"wpb_column vc_column_container vc_col-sm-6\"><div class=\"vc_column-inner\"><div class=\"wpb_wrapper\">\n\t<div class=\"kleo_text_column wpb_content_element\" style=\" color:#444444;\">\n\t\t<div class=\"wpb_wrapper\">\n\t\t\t<ul>\n<li>Developing other applications and integrating them with i-taros, thereby increasing the system's application possibilities and benefits,<\/li>\n<li>Developing content and integrating it into i-taros,<\/li>\n<li>Carrying out CRM measures and social media marketing campaigns as a service for their customers, using the functions integrated in i-taros for this purpose.<\/li>\n<li>Creating websites and\/or webshops for your customers and connecting them to i-taros, thus automating the customer's processes.<\/li>\n<li>And much more.<\/li>\n<\/ul>\n\n\t\t<\/div> \n\t<\/div> <\/div><\/div><\/div><\/div><\/div><\/section><!-- end section --><section class=\"container-wrap  main-color\"  style=\"padding-top:60px;padding-bottom:30px\" ><div class=\"section-container container\"><div class=\"vc_row vc_row-fluid row\"><div class=\"wpb_column vc_column_container vc_col-sm-12\"><div class=\"vc_column-inner\"><div class=\"wpb_wrapper\"><div class=\"vc_separator wpb_content_element vc_separator_align_center vc_sep_width_100 vc_sep_pos_align_center vc_sep_color_grey vc_separator-has-text\" ><span class=\"vc_sep_holder vc_sep_holder_l\"><span  class=\"vc_sep_line\"><\/span><\/span><h4>More partner programmes<\/h4><span class=\"vc_sep_holder vc_sep_holder_r\"><span  class=\"vc_sep_line\"><\/span><\/span>\n<\/div><\/div><\/div><\/div><\/div><\/div><\/section><!-- end section --><section class=\"container-wrap  main-color\"  style=\"padding-top:40px;padding-bottom:40px\" ><div class=\"section-container container\"><div class=\"vc_row vc_row-fluid row\"><div class=\"wpb_column vc_column_container vc_col-sm-4\"><div class=\"vc_column-inner\"><div class=\"wpb_wrapper\"><div class=\"vc_btn3-container vc_btn3-inline\" ><a onmouseleave=\"this.style.borderColor='#9c142a'; this.style.backgroundColor='transparent'; this.style.color='#9c142a'\" onmouseenter=\"this.style.borderColor='#7a0020'; this.style.backgroundColor='#7a0020'; this.style.color='#ffffff';\" style=\"border-color:#9c142a; color:#9c142a;\" class=\"vc_general vc_btn3 vc_btn3-size-md vc_btn3-shape-rounded vc_btn3-style-outline-custom vc_btn3-icon-left\" href=\"https:\/\/dev.ipericon.co.uk\/en\/partners\/var-partnership\/\" title=\"\"><i class=\"vc_btn3-icon fa fa-users\"><\/i> Value Added Reseller (VAR)<\/a><\/div><\/div><\/div><\/div><div class=\"wpb_column vc_column_container vc_col-sm-4\"><div class=\"vc_column-inner\"><div class=\"wpb_wrapper\"><div class=\"vc_btn3-container vc_btn3-inline\" ><a onmouseleave=\"this.style.borderColor='#9c142a'; this.style.backgroundColor='transparent'; this.style.color='#9c142a'\" onmouseenter=\"this.style.borderColor='#7a0020'; this.style.backgroundColor='#7a0020'; this.style.color='#ffffff';\" style=\"border-color:#9c142a; color:#9c142a;\" class=\"vc_general vc_btn3 vc_btn3-size-md vc_btn3-shape-rounded vc_btn3-style-outline-custom vc_btn3-icon-left\" href=\"https:\/\/dev.ipericon.co.uk\/en\/partners\/distributions-partnership\/\" title=\"\"><i class=\"vc_btn3-icon fa fa-wrench\"><\/i> Distribution partnership<\/a><\/div><\/div><\/div><\/div><div class=\"wpb_column vc_column_container vc_col-sm-4\"><div class=\"vc_column-inner\"><div class=\"wpb_wrapper\"><div class=\"vc_btn3-container vc_btn3-inline\" ><a onmouseleave=\"this.style.borderColor='#9c142a'; this.style.backgroundColor='transparent'; this.style.color='#9c142a'\" onmouseenter=\"this.style.borderColor='#7a0020'; this.style.backgroundColor='#7a0020'; this.style.color='#ffffff';\" style=\"border-color:#9c142a; color:#9c142a;\" class=\"vc_general vc_btn3 vc_btn3-size-md vc_btn3-shape-rounded vc_btn3-style-outline-custom vc_btn3-icon-left\" href=\"https:\/\/dev.ipericon.co.uk\/en\/partners\/recommendations\/\" title=\"\"><i class=\"vc_btn3-icon fa fa-star\"><\/i> Referral programme<\/a><\/div><\/div><\/div><\/div><\/div><\/div><\/section><!-- end section --><\/section>","protected":false},"excerpt":{"rendered":"Solutions-Partnerschaft Die Solutions-Partnerschaft wendet sich an Unternehmen, die auf der Basis oder mit Hilfe von i-taros eigenst\u00e4ndige Dienstleistungen f\u00fcr ihre Kunden erbringen und damit eigene Wertsch\u00f6pfung erzielen wollen. Dies erreichen sie z. B. indem sie \u00bb Ihre Kunden im Zuge der Einf\u00fchrung und Nutzung von i-taros im Hinblick auf eine Prozessoptimierung beraten, \u00bb Anforderungen und Konzepte zur kundenindividuellen Anpassung und [...]","protected":false},"author":3,"featured_media":0,"parent":5162,"menu_order":0,"comment_status":"closed","ping_status":"closed","template":"page-templates\/right_sidebar.php","meta":{"footnotes":""},"class_list":["post-5356","page","type-page","status-publish","hentry"],"yoast_head":"<!-- This site is optimized with the Yoast SEO plugin v20.10 - https:\/\/yoast.com\/wordpress\/plugins\/seo\/ -->\n<title>Solutions partnership - Ipericon UK Ltd.<\/title>\n<meta name=\"description\" content=\"The Solutions Partnership is aimed at companies that use i-taros to provide independent services for their customers.\" \/>\n<meta name=\"robots\" content=\"index, follow, max-snippet:-1, max-image-preview:large, max-video-preview:-1\" \/>\n<link rel=\"canonical\" href=\"https:\/\/dev.ipericon.co.uk\/en\/partners\/solutions-partnership\/\" \/>\n<meta property=\"og:locale\" content=\"en_GB\" \/>\n<meta property=\"og:type\" content=\"article\" \/>\n<meta property=\"og:title\" content=\"Solutions partnership - Ipericon UK Ltd.\" \/>\n<meta property=\"og:description\" content=\"The Solutions Partnership is aimed at companies that use i-taros to provide independent services for their customers.\" \/>\n<meta property=\"og:url\" content=\"https:\/\/dev.ipericon.co.uk\/en\/partners\/solutions-partnership\/\" \/>\n<meta property=\"og:site_name\" content=\"Ipericon UK Ltd.\" \/>\n<meta property=\"article:publisher\" content=\"https:\/\/www.facebook.com\/buit.group\" \/>\n<meta property=\"article:modified_time\" content=\"2023-08-15T13:15:40+00:00\" \/>\n<meta name=\"twitter:card\" content=\"summary_large_image\" \/>\n<meta name=\"twitter:site\" content=\"@BuIT_Group\" \/>\n<meta name=\"twitter:label1\" content=\"Estimated reading time\" \/>\n\t<meta name=\"twitter:data1\" content=\"2 minutes\" \/>\n<script type=\"application\/ld+json\" class=\"yoast-schema-graph\">{\"@context\":\"https:\/\/schema.org\",\"@graph\":[{\"@type\":\"WebPage\",\"@id\":\"https:\/\/dev.ipericon.co.uk\/partners\/solutions-partnership\/\",\"url\":\"https:\/\/dev.ipericon.co.uk\/partners\/solutions-partnership\/\",\"name\":\"Solutions partnership - Ipericon UK Ltd.\",\"isPartOf\":{\"@id\":\"https:\/\/dev.ipericon.co.uk\/en\/#website\"},\"datePublished\":\"2023-07-13T09:42:13+00:00\",\"dateModified\":\"2023-08-15T13:15:40+00:00\",\"description\":\"The Solutions Partnership is aimed at companies that use i-taros to provide independent services for their customers.\",\"breadcrumb\":{\"@id\":\"https:\/\/dev.ipericon.co.uk\/partners\/solutions-partnership\/#breadcrumb\"},\"inLanguage\":\"en-GB\",\"potentialAction\":[{\"@type\":\"ReadAction\",\"target\":[\"https:\/\/dev.ipericon.co.uk\/partners\/solutions-partnership\/\"]}]},{\"@type\":\"BreadcrumbList\",\"@id\":\"https:\/\/dev.ipericon.co.uk\/partners\/solutions-partnership\/#breadcrumb\",\"itemListElement\":[{\"@type\":\"ListItem\",\"position\":1,\"name\":\"Our Partners\",\"item\":\"https:\/\/dev.ipericon.co.uk\/partners\/\"},{\"@type\":\"ListItem\",\"position\":2,\"name\":\"Solutions partnership\"}]},{\"@type\":\"WebSite\",\"@id\":\"https:\/\/dev.ipericon.co.uk\/en\/#website\",\"url\":\"https:\/\/dev.ipericon.co.uk\/en\/\",\"name\":\"Ipericon UK Ltd.\",\"description\":\"tailor-made software solutions in the cloud\",\"potentialAction\":[{\"@type\":\"SearchAction\",\"target\":{\"@type\":\"EntryPoint\",\"urlTemplate\":\"https:\/\/dev.ipericon.co.uk\/en\/?s={search_term_string}\"},\"query-input\":\"required name=search_term_string\"}],\"inLanguage\":\"en-GB\"}]}<\/script>\n<!-- \/ Yoast SEO plugin. -->","yoast_head_json":{"title":"Solutions partnership - Ipericon UK Ltd.","description":"The Solutions Partnership is aimed at companies that use i-taros to provide independent services for their customers.","robots":{"index":"index","follow":"follow","max-snippet":"max-snippet:-1","max-image-preview":"max-image-preview:large","max-video-preview":"max-video-preview:-1"},"canonical":"https:\/\/dev.ipericon.co.uk\/en\/partners\/solutions-partnership\/","og_locale":"en_GB","og_type":"article","og_title":"Solutions partnership - Ipericon UK Ltd.","og_description":"The Solutions Partnership is aimed at companies that use i-taros to provide independent services for their customers.","og_url":"https:\/\/dev.ipericon.co.uk\/en\/partners\/solutions-partnership\/","og_site_name":"Ipericon UK Ltd.","article_publisher":"https:\/\/www.facebook.com\/buit.group","article_modified_time":"2023-08-15T13:15:40+00:00","twitter_card":"summary_large_image","twitter_site":"@BuIT_Group","twitter_misc":{"Estimated reading time":"2 minutes"},"schema":{"@context":"https:\/\/schema.org","@graph":[{"@type":"WebPage","@id":"https:\/\/dev.ipericon.co.uk\/partners\/solutions-partnership\/","url":"https:\/\/dev.ipericon.co.uk\/partners\/solutions-partnership\/","name":"Solutions partnership - Ipericon UK Ltd.","isPartOf":{"@id":"https:\/\/dev.ipericon.co.uk\/en\/#website"},"datePublished":"2023-07-13T09:42:13+00:00","dateModified":"2023-08-15T13:15:40+00:00","description":"The Solutions Partnership is aimed at companies that use i-taros to provide independent services for their customers.","breadcrumb":{"@id":"https:\/\/dev.ipericon.co.uk\/partners\/solutions-partnership\/#breadcrumb"},"inLanguage":"en-GB","potentialAction":[{"@type":"ReadAction","target":["https:\/\/dev.ipericon.co.uk\/partners\/solutions-partnership\/"]}]},{"@type":"BreadcrumbList","@id":"https:\/\/dev.ipericon.co.uk\/partners\/solutions-partnership\/#breadcrumb","itemListElement":[{"@type":"ListItem","position":1,"name":"Our Partners","item":"https:\/\/dev.ipericon.co.uk\/partners\/"},{"@type":"ListItem","position":2,"name":"Solutions partnership"}]},{"@type":"WebSite","@id":"https:\/\/dev.ipericon.co.uk\/en\/#website","url":"https:\/\/dev.ipericon.co.uk\/en\/","name":"Ipericon UK Ltd.","description":"tailor-made software solutions in the cloud","potentialAction":[{"@type":"SearchAction","target":{"@type":"EntryPoint","urlTemplate":"https:\/\/dev.ipericon.co.uk\/en\/?s={search_term_string}"},"query-input":"required name=search_term_string"}],"inLanguage":"en-GB"}]}},"_links":{"self":[{"href":"https:\/\/dev.ipericon.co.uk\/en\/wp-json\/wp\/v2\/pages\/5356","targetHints":{"allow":["GET"]}}],"collection":[{"href":"https:\/\/dev.ipericon.co.uk\/en\/wp-json\/wp\/v2\/pages"}],"about":[{"href":"https:\/\/dev.ipericon.co.uk\/en\/wp-json\/wp\/v2\/types\/page"}],"author":[{"embeddable":true,"href":"https:\/\/dev.ipericon.co.uk\/en\/wp-json\/wp\/v2\/users\/3"}],"replies":[{"embeddable":true,"href":"https:\/\/dev.ipericon.co.uk\/en\/wp-json\/wp\/v2\/comments?post=5356"}],"version-history":[{"count":9,"href":"https:\/\/dev.ipericon.co.uk\/en\/wp-json\/wp\/v2\/pages\/5356\/revisions"}],"predecessor-version":[{"id":5384,"href":"https:\/\/dev.ipericon.co.uk\/en\/wp-json\/wp\/v2\/pages\/5356\/revisions\/5384"}],"up":[{"embeddable":true,"href":"https:\/\/dev.ipericon.co.uk\/en\/wp-json\/wp\/v2\/pages\/5162"}],"wp:attachment":[{"href":"https:\/\/dev.ipericon.co.uk\/en\/wp-json\/wp\/v2\/media?parent=5356"}],"curies":[{"name":"wp","href":"https:\/\/api.w.org\/{rel}","templated":true}]}}