{"id":5162,"date":"2022-03-22T12:19:17","date_gmt":"2022-03-22T11:19:17","guid":{"rendered":"https:\/\/dev.ipericon.co.uk\/?page_id=5162"},"modified":"2023-08-04T14:27:28","modified_gmt":"2023-08-04T12:27:28","slug":"partners","status":"publish","type":"page","link":"https:\/\/dev.ipericon.co.uk\/en\/partners\/","title":{"rendered":"Our Partners"},"content":{"rendered":"<section class=\"vc_section page-2-subpages row-1 vc_custom_1647948075858 vc_section-has-fill\"><section class=\"container-wrap  row-1-content main-color\"  ><div class=\"section-container container\"><div class=\"vc_row vc_row-fluid row\"><div class=\"wpb_column vc_column_container vc_col-sm-12\"><div class=\"vc_column-inner\"><div class=\"wpb_wrapper\"><h1 style=\"font-size: 40px;color: #9c142a;line-height: 50px;text-align: left\" class=\"vc_custom_heading heading\">Our partners<\/h1><\/div><\/div><\/div><\/div><\/div><\/section><!-- end section --><\/section><section class=\"container-wrap  main-color\"  style=\"padding-top:40px\" ><div class=\"section-container container\"><div class=\"vc_row vc_row-fluid row\"><div class=\"wpb_column vc_column_container vc_col-sm-12\"><div class=\"vc_column-inner\"><div class=\"wpb_wrapper\"><h1 style=\"font-size: 28px;color: #9c142a;text-align: center\" class=\"vc_custom_heading\">Our project partners<\/h1><\/div><\/div><\/div><\/div><\/div><\/section><!-- end section --><section class=\"container-wrap  main-color custom-color\"  style=\"color: #707070;padding-top:40px;padding-bottom:40px\" ><div class=\"section-container container\"><div class=\"vc_row vc_row-fluid row\"><div class=\"wpb_column vc_column_container vc_col-sm-12\"><div class=\"vc_column-inner\"><div class=\"wpb_wrapper\"><style><\/style>\n\t<div class=\"kleo_text_column wpb_content_element\" style=\" font-size:18px; line-height:36px;\" data-uid=\"69d718e2527ff\">\n\t\t<div class=\"wpb_wrapper\">\n\t\t\t<p class=\"bodytext\" style=\"text-align: center;\">Our partner programme is primarily aimed at companies and organisations that recommend i-taros products or our services, use them in their customer projects or develop their own solutions for their customers based on i-taros.<\/p>\n\n\t\t<\/div> \n\t<\/div> <\/div><\/div><\/div><\/div><\/div><\/section><!-- end section --><section class=\"vc_section vc_custom_1688560661297 vc_section-has-fill\"><section class=\"container-wrap  main-color custom-color\"  style=\"color: #444444;padding-top:40px;padding-bottom:40px\" ><div class=\"section-container container\"><div class=\"vc_row vc_row-fluid row\"><div class=\"wpb_column vc_column_container vc_col-sm-12\"><div class=\"vc_column-inner\"><div class=\"wpb_wrapper\">\n\t<div class=\"kleo_text_column wpb_content_element\" style=\" font-size:18px; line-height:36px; color:#444444;\">\n\t\t<div class=\"wpb_wrapper\">\n\t\t\t<section class=\"container-wrap ov-hidden main-color custom-color text-center\">\n<div class=\"section-container container\">\n<div class=\"vc_row vc_row-fluid row\">\n<div class=\"wpb_column vc_column_container vc_col-sm-12\">\n<div class=\"vc_column-inner\">\n<div class=\"wpb_wrapper\">\n<div class=\"kleo_text_column wpb_content_element lead\">\n<div class=\"wpb_wrapper\">\n<h2 style=\"text-align: center;\">Typical partners of ipericon UK Ltd. are e.g.:<\/h2>\n<\/div>\n<\/div>\n<\/div>\n<\/div>\n<\/div>\n<\/div>\n<\/div>\n<\/section>\n\n\t\t<\/div> \n\t<\/div> <\/div><\/div><\/div><\/div><\/div><\/section><!-- end section --><section class=\"container-wrap  text main-color custom-color  text-center\"  style=\"color: #444444;padding-top:0px;padding-bottom:0px\" ><div class=\"section-container container\"><div class=\"vc_row vc_row-fluid row vc_row-o-equal-height vc_row-o-content-middle vc_row-flex\"><div class=\"wpb_column vc_column_container col-sm-1-5\"><div class=\"vc_column-inner\"><div class=\"wpb_wrapper\"><\/div><\/div><\/div><div class=\"wpb_column vc_column_container col-sm-2-5 vc_col-has-fill\"><div class=\"vc_column-inner vc_custom_1691151851385\"><div class=\"wpb_wrapper\"><ul class=\"standard-list\"><li><i class=\"icon-0\"><\/i> \n<p style=\"text-align: left; font-size: 18px;\">Management consultant or business start-up consultant\n<\/li><\/ul><ul class=\"standard-list\"><li><i class=\"icon-0\"><\/i> \n<p style=\"text-align: left; font-size: 18px;\">Tax consultant and auditor\n<\/li><\/ul><ul class=\"standard-list\"><li><i class=\"icon-0\"><\/i> \n<p style=\"text-align: left; font-size: 18px;\">Marketing agencies\n<\/li><\/ul><ul class=\"standard-list\"><li><i class=\"icon-0\"><\/i> \n<p style=\"text-align: left; font-size: 18px;\">Web agencies\n<\/li><\/ul><ul class=\"standard-list\"><li><i class=\"icon-0\"><\/i> \n<p style=\"text-align: left; font-size: 18px;\">Web designer\n<\/li><\/ul><\/div><\/div><\/div><div class=\"text wpb_column vc_column_container col-sm-2-5\"><div class=\"vc_column-inner\"><div class=\"wpb_wrapper\"><ul class=\"standard-list\"><li><i class=\"icon-0\"><\/i> \n<p style=\"text-align: left; font-size: 18px;\">Associations and clubs\n<\/li><\/ul><ul class=\"standard-list\"><li><i class=\"icon-0\"><\/i> \n<p style=\"text-align: left; font-size: 18px;\">IT system houses\n<\/li><\/ul><ul class=\"standard-list\"><li><i class=\"icon-0\"><\/i> \n<p style=\"text-align: left; font-size: 18px;\">System integrators\n<\/li><\/ul><ul class=\"standard-list\"><li><i class=\"icon-0\"><\/i> \n<p style=\"text-align: left; font-size: 18px;\">IT Service Management Provider\n<\/li><\/ul><ul class=\"standard-list\"><li><i class=\"icon-0\"><\/i> \n<p style=\"text-align: left; font-size: 18px;\">Training providers\n<\/li><\/ul><\/div><\/div><\/div><\/div><\/div><\/section><!-- end section --><section class=\"container-wrap  main-color\"  style=\"padding-top:40px;padding-bottom:40px;margin-bottom:40px\" ><div class=\"section-container container\"><div class=\"vc_row vc_row-fluid row\"><div class=\"wpb_column vc_column_container vc_col-sm-12\"><div class=\"vc_column-inner\"><div class=\"wpb_wrapper\">\n\t<div class=\"kleo_text_column wpb_content_element\">\n\t\t<div class=\"wpb_wrapper\">\n\t\t\t\n\t\t<\/div> \n\t<\/div> <\/div><\/div><\/div><\/div><\/div><\/section><!-- end section --><\/section><section class=\"container-wrap  main-color\"  style=\"padding-top:40px\" ><div class=\"section-container container\"><div class=\"vc_row vc_row-fluid row\"><div class=\"wpb_column vc_column_container vc_col-sm-12\"><div class=\"vc_column-inner\"><div class=\"wpb_wrapper\">\n\t<div class=\"kleo_text_column wpb_content_element\" style=\" font-size:18px; line-height:36px;\">\n\t\t<div class=\"wpb_wrapper\">\n\t\t\t<section class=\"container-wrap ov-hidden main-color custom-color text-center\">\n<div class=\"section-container container\">\n<div class=\"vc_row vc_row-fluid row\">\n<div class=\"wpb_column vc_column_container vc_col-sm-12\">\n<div class=\"vc_column-inner\">\n<div class=\"wpb_wrapper\">\n<div class=\"kleo_text_column wpb_content_element lead\">\n<h2 class=\"wpb_wrapper\" style=\"text-align: center;\">Affiliate programme<\/h2>\n<\/div>\n<\/div>\n<\/div>\n<\/div>\n<\/div>\n<\/div>\n<\/section>\n\n\t\t<\/div> \n\t<\/div> <\/div><\/div><\/div><\/div><\/div><\/section><!-- end section --><section class=\"container-wrap  main-color custom-color\"  style=\"color: #707070;padding-top:40px;padding-bottom:40px\" ><div class=\"section-container container\"><div class=\"vc_row vc_row-fluid row\"><div class=\"wpb_column vc_column_container vc_col-sm-12\"><div class=\"vc_column-inner\"><div class=\"wpb_wrapper\"><style><\/style>\n\t<div class=\"kleo_text_column wpb_content_element  vc_custom_1689198466239\" style=\" font-size:18px; line-height:36px;\" data-uid=\"69d718e254550\">\n\t\t<div class=\"wpb_wrapper\">\n\t\t\t<p>Our partners are basically independent and work on their own responsibility. Their activity requires a corresponding authorisation. The basis for this is participation in appropriate training or qualification programmes, compliance with quality standards, etc.<\/p>\n<p style=\"text-align: center;\">Different forms of partnership:<\/p>\n\n\t\t<\/div> \n\t<\/div> <div class=\"vc_row wpb_row vc_inner vc_row-fluid\"><div class=\"wpb_column vc_column_container vc_col-sm-4\"><div class=\"vc_column-inner\"><div class=\"wpb_wrapper\"><style>#btn_69d718e2548e4:hover {background-color: #720421 !important;}<\/style><div class=\"text-center\"><a class=\"btn with-icon btn-special btn-custom btn-lg\" href=\"https:\/\/dev.ipericon.co.uk\/en\/partners\/solutions-partnership\/\" style=\"background-color: #9c142b;color: #ffffff;border: none !important;\"id=\"btn_69d718e2548e4\"><i class=\"icon-angle-double-right\" ><\/i> Solutions partnership<\/a><\/div><\/div><\/div><\/div><div class=\"wpb_column vc_column_container vc_col-sm-4\"><div class=\"vc_column-inner\"><div class=\"wpb_wrapper\"><style>#btn_69d718e254a50:hover {background-color: #720421 !important;}<\/style><div class=\"text-center\"><a class=\"btn with-icon btn-special btn-custom btn-lg\" href=\"https:\/\/dev.ipericon.co.uk\/en\/partners\/var-partnership\/\" style=\"background-color: #9c142b;color: #ffffff;border: none !important;\"id=\"btn_69d718e254a50\"><i class=\"icon-angle-double-right\" ><\/i> Value Added Reseller (VAR)<\/a><\/div><\/div><\/div><\/div><div class=\"wpb_column vc_column_container vc_col-sm-4\"><div class=\"vc_column-inner\"><div class=\"wpb_wrapper\"><style>#btn_69d718e254bbe:hover {background-color: #720421 !important;}<\/style><div class=\"text-center\"><a class=\"btn with-icon btn-special btn-custom btn-lg\" href=\"https:\/\/dev.ipericon.co.uk\/en\/partners\/distributions-partnership\/\" style=\"background-color: #9c142b;color: #ffffff;border: none !important;\"id=\"btn_69d718e254bbe\"><i class=\"icon-angle-double-right\" ><\/i> Distribution partnership<\/a><\/div><\/div><\/div><\/div><\/div><div class=\"vc_row wpb_row vc_inner vc_row-fluid\"><div class=\"wpb_column vc_column_container vc_col-sm-12\"><div class=\"vc_column-inner\"><div class=\"wpb_wrapper\"><\/div><\/div><\/div><\/div><\/div><\/div><\/div><\/div><\/div><\/section><!-- end section --><section class=\"container-wrap  main-color\"  style=\"background-image: url(https:\/\/dev.ipericon.co.uk\/wp-content\/uploads\/2022\/03\/25101-scaled.jpg);background-repeat: no-repeat;background-attachment: scroll;background-size: cover;padding-top:40px;padding-bottom:40px;margin-top:100px\" ><div class=\"section-container container\"><div class=\"vc_row vc_row-fluid row vc_row-has-fill\"><div class=\"wpb_column vc_column_container vc_col-sm-12\"><div class=\"vc_column-inner\"><div class=\"wpb_wrapper\"><div class=\"vc_row wpb_row vc_inner vc_row-fluid\"><div class=\"wpb_column vc_column_container vc_col-sm-8\"><div class=\"vc_column-inner\"><div class=\"wpb_wrapper\">\n\t<div class=\"kleo_text_column wpb_content_element\">\n\t\t<div class=\"wpb_wrapper\">\n\t\t\t<h3>You would rather not commit yourself as a partner right away, but still want to make more out of your contacts with customers and business partners?<\/h3>\n\n\t\t<\/div> \n\t<\/div> <\/div><\/div><\/div><div class=\"wpb_column vc_column_container vc_col-sm-4\"><div class=\"vc_column-inner vc_custom_1689196617943\"><div class=\"wpb_wrapper\"><style>#btn_69d718e255a59:hover {background-color: #7a0020 !important;}<\/style><div class=\"text-center\"><a class=\"btn buttonstartseite with-icon btn-special btn-custom btn-lg\" href=\"https:\/\/dev.ipericon.co.uk\/en\/partners\/recommendations\/\" style=\"background-color: #9c142a;color: #ffffff;border: none !important;\"id=\"btn_69d718e255a59\"><i class=\"icon-star-1\" ><\/i> To the referral programme<\/a><\/div><\/div><\/div><\/div><\/div><\/div><\/div><\/div><\/div><\/div><\/section><!-- end section --><\/p>","protected":false},"excerpt":{"rendered":"Partner von ipericon UK Ltd.Unsere Projektpartner Unser Partnerprogramm richtet sich vor allem an Unternehmen und Organisationen, die i-taros-Produkte oder unsere Leistungen empfehlen, in ihren Kundenprojekten verwenden oder auf Basis von i-taros eigene L\u00f6sungen f\u00fcr ihre Kunden entwickeln. Klassische Partner der ipericon UK Ltd. sind z. B.: Unternehmensberater oder Existenzgr\u00fcndungsberater Steuerberater und Wirtschaftspr\u00fcfer Marketing-Agenturen Web-Agenturen Web-Designer Verb\u00e4nde und Vereine IT-Systemh\u00e4user Systemintegratoren [...]","protected":false},"author":1,"featured_media":0,"parent":0,"menu_order":22,"comment_status":"closed","ping_status":"closed","template":"","meta":{"footnotes":""},"class_list":["post-5162","page","type-page","status-publish","hentry"],"yoast_head":"<!-- This site is optimized with the Yoast SEO plugin v20.10 - https:\/\/yoast.com\/wordpress\/plugins\/seo\/ -->\n<title>Our Partners - Ipericon UK Ltd.<\/title>\n<meta name=\"description\" content=\"Just as our partners can count on us, commitment, trust and joint project successes reflect that ipericon and its partners are on the right track.\" \/>\n<meta name=\"robots\" content=\"index, follow, max-snippet:-1, max-image-preview:large, max-video-preview:-1\" \/>\n<link rel=\"canonical\" href=\"https:\/\/dev.ipericon.co.uk\/en\/partners\/\" \/>\n<meta property=\"og:locale\" content=\"en_GB\" \/>\n<meta property=\"og:type\" content=\"article\" \/>\n<meta property=\"og:title\" content=\"Our Partners - Ipericon UK Ltd.\" \/>\n<meta property=\"og:description\" content=\"Just as our partners can count on us, commitment, trust and joint project successes reflect that ipericon and its partners are on the right track.\" \/>\n<meta property=\"og:url\" content=\"https:\/\/dev.ipericon.co.uk\/en\/partners\/\" \/>\n<meta property=\"og:site_name\" content=\"Ipericon UK Ltd.\" \/>\n<meta property=\"article:publisher\" content=\"https:\/\/www.facebook.com\/buit.group\" \/>\n<meta property=\"article:modified_time\" content=\"2023-08-04T12:27:28+00:00\" \/>\n<meta name=\"twitter:card\" content=\"summary_large_image\" \/>\n<meta name=\"twitter:site\" content=\"@BuIT_Group\" \/>\n<meta name=\"twitter:label1\" content=\"Estimated reading time\" \/>\n\t<meta name=\"twitter:data1\" content=\"4 minutes\" \/>\n<script type=\"application\/ld+json\" class=\"yoast-schema-graph\">{\"@context\":\"https:\/\/schema.org\",\"@graph\":[{\"@type\":\"WebPage\",\"@id\":\"https:\/\/dev.ipericon.co.uk\/partners\/\",\"url\":\"https:\/\/dev.ipericon.co.uk\/partners\/\",\"name\":\"Our Partners - Ipericon UK Ltd.\",\"isPartOf\":{\"@id\":\"https:\/\/dev.ipericon.co.uk\/en\/#website\"},\"datePublished\":\"2022-03-22T11:19:17+00:00\",\"dateModified\":\"2023-08-04T12:27:28+00:00\",\"description\":\"Just as our partners can count on us, commitment, trust and joint project successes reflect that ipericon and its partners are on the right track.\",\"inLanguage\":\"en-GB\",\"potentialAction\":[{\"@type\":\"ReadAction\",\"target\":[\"https:\/\/dev.ipericon.co.uk\/partners\/\"]}]},{\"@type\":\"WebSite\",\"@id\":\"https:\/\/dev.ipericon.co.uk\/en\/#website\",\"url\":\"https:\/\/dev.ipericon.co.uk\/en\/\",\"name\":\"Ipericon UK Ltd.\",\"description\":\"tailor-made software solutions in the cloud\",\"potentialAction\":[{\"@type\":\"SearchAction\",\"target\":{\"@type\":\"EntryPoint\",\"urlTemplate\":\"https:\/\/dev.ipericon.co.uk\/en\/?s={search_term_string}\"},\"query-input\":\"required name=search_term_string\"}],\"inLanguage\":\"en-GB\"}]}<\/script>\n<!-- \/ Yoast SEO plugin. -->","yoast_head_json":{"title":"Our Partners - Ipericon UK Ltd.","description":"Just as our partners can count on us, commitment, trust and joint project successes reflect that ipericon and its partners are on the right track.","robots":{"index":"index","follow":"follow","max-snippet":"max-snippet:-1","max-image-preview":"max-image-preview:large","max-video-preview":"max-video-preview:-1"},"canonical":"https:\/\/dev.ipericon.co.uk\/en\/partners\/","og_locale":"en_GB","og_type":"article","og_title":"Our Partners - Ipericon UK Ltd.","og_description":"Just as our partners can count on us, commitment, trust and joint project successes reflect that ipericon and its partners are on the right track.","og_url":"https:\/\/dev.ipericon.co.uk\/en\/partners\/","og_site_name":"Ipericon UK Ltd.","article_publisher":"https:\/\/www.facebook.com\/buit.group","article_modified_time":"2023-08-04T12:27:28+00:00","twitter_card":"summary_large_image","twitter_site":"@BuIT_Group","twitter_misc":{"Estimated reading time":"4 minutes"},"schema":{"@context":"https:\/\/schema.org","@graph":[{"@type":"WebPage","@id":"https:\/\/dev.ipericon.co.uk\/partners\/","url":"https:\/\/dev.ipericon.co.uk\/partners\/","name":"Our Partners - Ipericon UK Ltd.","isPartOf":{"@id":"https:\/\/dev.ipericon.co.uk\/en\/#website"},"datePublished":"2022-03-22T11:19:17+00:00","dateModified":"2023-08-04T12:27:28+00:00","description":"Just as our partners can count on us, commitment, trust and joint project successes reflect that ipericon and its partners are on the right track.","inLanguage":"en-GB","potentialAction":[{"@type":"ReadAction","target":["https:\/\/dev.ipericon.co.uk\/partners\/"]}]},{"@type":"WebSite","@id":"https:\/\/dev.ipericon.co.uk\/en\/#website","url":"https:\/\/dev.ipericon.co.uk\/en\/","name":"Ipericon UK Ltd.","description":"tailor-made software solutions in the cloud","potentialAction":[{"@type":"SearchAction","target":{"@type":"EntryPoint","urlTemplate":"https:\/\/dev.ipericon.co.uk\/en\/?s={search_term_string}"},"query-input":"required name=search_term_string"}],"inLanguage":"en-GB"}]}},"_links":{"self":[{"href":"https:\/\/dev.ipericon.co.uk\/en\/wp-json\/wp\/v2\/pages\/5162","targetHints":{"allow":["GET"]}}],"collection":[{"href":"https:\/\/dev.ipericon.co.uk\/en\/wp-json\/wp\/v2\/pages"}],"about":[{"href":"https:\/\/dev.ipericon.co.uk\/en\/wp-json\/wp\/v2\/types\/page"}],"author":[{"embeddable":true,"href":"https:\/\/dev.ipericon.co.uk\/en\/wp-json\/wp\/v2\/users\/1"}],"replies":[{"embeddable":true,"href":"https:\/\/dev.ipericon.co.uk\/en\/wp-json\/wp\/v2\/comments?post=5162"}],"version-history":[{"count":40,"href":"https:\/\/dev.ipericon.co.uk\/en\/wp-json\/wp\/v2\/pages\/5162\/revisions"}],"predecessor-version":[{"id":5315,"href":"https:\/\/dev.ipericon.co.uk\/en\/wp-json\/wp\/v2\/pages\/5162\/revisions\/5315"}],"wp:attachment":[{"href":"https:\/\/dev.ipericon.co.uk\/en\/wp-json\/wp\/v2\/media?parent=5162"}],"curies":[{"name":"wp","href":"https:\/\/api.w.org\/{rel}","templated":true}]}}