{"id":5,"date":"2014-08-18T10:25:24","date_gmt":"2014-08-18T08:25:24","guid":{"rendered":"http:\/\/seventhqueen.com\/themes\/kleo\/demo-portfolio\/?page_id=5"},"modified":"2023-07-12T21:48:51","modified_gmt":"2023-07-12T19:48:51","slug":"home","status":"publish","type":"page","link":"https:\/\/dev.ipericon.co.uk\/en\/","title":{"rendered":"Home"},"content":{"rendered":"<div class=\"wpb_column vc_column_container vc_col-sm-8\"><div class=\"vc_column-inner\"><div class=\"wpb_wrapper\"><\/div><\/div><\/div><section class=\"vc_section homepage row-1 vc_custom_1688478191263 vc_section-has-fill\"><section class=\"container-wrap  main-color  animated animate-when-visible el-fade\"  ><div class=\"section-container container\"><div class=\"vc_row vc_row-fluid row\"><div class=\"wpb_column vc_column_container vc_col-sm-12\"><div class=\"vc_column-inner\"><div class=\"wpb_wrapper\"><h1 style=\"font-size: 40px;color: #9c142a;line-height: 48px;text-align: left\" class=\"vc_custom_heading heading\">Tailor-made software solutions in the cloud<\/h1><\/div><\/div><\/div><\/div><\/div><\/section><!-- end section --><\/section><section class=\"container-wrap  homepage heading main-color  animated animate-when-visible el-fade text-center\"  style=\"background-repeat: no-repeat;background-attachment: scroll;background-size: cover\" ><div class=\"section-container container-full\"><div class=\"vc_row vc_row-fluid row vc_row-has-fill\"><div class=\"wpb_column vc_column_container vc_col-sm-12\"><div class=\"vc_column-inner\"><div class=\"wpb_wrapper\">\n\t<div class=\"kleo_text_column wpb_content_element\" style=\" font-size:30px; line-height:45px; font-weight:bold; color:#9c142a;\">\n\t\t<div class=\"wpb_wrapper\">\n\t\t\t<p style=\"text-align: center;\">Welcome to ipericon<\/p>\n\n\t\t<\/div> \n\t<\/div> <\/div><\/div><\/div><\/div><\/div><\/section><!-- end section --><section class=\"container-wrap  homepage row-2 text main-color\"  ><div class=\"section-container container\"><div class=\"vc_row vc_row-fluid row\"><div class=\"wpb_column vc_column_container vc_col-sm-12\"><div class=\"vc_column-inner\"><div class=\"wpb_wrapper\">\n\t<div class=\"kleo_text_column wpb_content_element\" style=\" font-size:22px; line-height:33px; color:#444444;\">\n\t\t<div class=\"wpb_wrapper\">\n\t\t\t<p style=\"text-align: center;\">As experts in digitalization projects, ipericon UK Ltd. provides bespoke digital business solutions in the cloud. We assist in the organizational and process realignment, offer strategic IT planning, and aid in the development and execution of business and IT concepts within a cloud environment.<\/p>\n\n\t\t<\/div> \n\t<\/div> <\/div><\/div><\/div><\/div><\/div><\/section><!-- end section --><section class=\"vc_section homepage row-3 vc_custom_1688560811447 vc_section-has-fill\"><section class=\"container-wrap  main-color  animated animate-when-visible bottom-to-top\"  ><div class=\"section-container container\"><div class=\"vc_row vc_row-fluid row\"><div class=\"wpb_column vc_column_container vc_col-sm-12\"><div class=\"vc_column-inner\"><div class=\"wpb_wrapper\">\t<div class=\"homepage-grids\">\n\t\t<div class=\"row\">\n\n\t\t\t<div class=\"col-md-4\">\n\t\t\t\t<div class=\"each-grid\">\n\t\t\t\t\t<img decoding=\"async\" src=\"\/wp-content\/uploads\/2018\/06\/Gruppe-527.png\" alt=\"Digitalisierung\" title=\"Digitalization\" loading=\"lazy\">\n\t\t\t\t<\/div>\n\t\t\t\t<h3>Digitalization<\/h3>\n\t\t\t\t<h6>We are your solution partner for digital transformation \u2013 from digitalization and automation of analogue processes to mapping your business model in the cloud and opening up new digital business areas.<\/h6>\n\t\t\t\t<span class=\"link-text\"> <a href=\"\/en\/what-we-offer\/#digitalisierung\"> <u>Learn more<\/u> <\/a><\/span>\n\t\t\t<\/div>\n\n\t\t\t<div class=\"col-md-4\">\n\t\t\t\t<div class=\"each-grid\">\n\t\t\t\t\t<img decoding=\"async\" src=\"\/wp-content\/uploads\/2018\/06\/Gruppe-526.png\" alt=\"SaaS-L\u00f6sungen\" title=\"SaaS-Solutions\" loading=\"lazy\">\n\t\t\t\t<\/div>\n\t\t\t\t<h3>SaaS-Solutions<\/h3>\n\t\t\t\t<h6>Based on our patented, web-based software platform i-taros, we provide you with digital business solutions tailored to your needs, quickly and cost-effectively as software-as-a-service.<\/h6>\n\t\t\t\t<span class=\"link-text\"><a href=\"\/en\/what-we-offer\/#saas\"> <u>Learn more<\/u> <\/a><\/span>\n\t\t\t<\/div>\n\n\t\t\t<div class=\"col-md-4\">\n\t\t\t\t<div class=\"each-grid\">\n\t\t\t\t\t<img decoding=\"async\" src=\"\/wp-content\/uploads\/2018\/06\/Gruppe-525.png\" alt=\"IT-Services\" title=\"IT-Services\" loading=\"lazy\">\n\t\t\t\t<\/div>\n\t\t\t\t<h3>IT-Services<\/h3>\n\t\t\t\t<h6>We support you with customized services for all aspects of your digital solutions \u2013 from domain reservations and the creation and maintenance of websites to the hosting, administration and support of your software systems.<\/h6>\n\t\t\t\t<span class=\"link-text\"><a href=\"\/en\/what-we-offer\/#services\"> <u>Learn more<\/u> <\/a><\/span>\n\t\t\t<\/div>\n\n\t\t\t<div class=\"col-md-4\">\n\t\t\t\t<div class=\"each-grid\">\n\t\t\t\t\t<img decoding=\"async\" src=\"\/wp-content\/uploads\/2018\/06\/Gruppe-524.png\" alt=\"Beratung & Projektmanagement\" title=\"Consulting &amp; Project Management\"\n\t\t\t\t\t\tloading=\"lazy\">\n\t\t\t\t<\/div>\n\t\t\t\t<h3>Consulting &amp; Project Management<\/h3>\n\t\t\t\t<h6>As a competent partner with proven expertise in information technology as well as in processes, methods and best practices, we support you with a wide range of consulting services.<\/h6>\n\t\t\t\t<span class=\"link-text\"><a href=\"\/en\/what-we-offer\/#mgmt\"> <u>Learn more<\/u> <\/a><\/span>\n\t\t\t<\/div>\n\n\t\t\t<div class=\"col-md-4\">\n\t\t\t\t<div class=\"each-grid\">\n\t\t\t\t\t<img decoding=\"async\" src=\"\/wp-content\/uploads\/2018\/06\/Gruppe-523.png\" alt=\"Systemintegration & Anwendungsentwicklung\"\n\t\t\t\t\t\ttitle=\"System Integration &amp; Application Development\" loading=\"lazy\">\n\t\t\t\t<\/div>\n\t\t\t\t<h3>System Integration &amp; Application Development<\/h3>\n\t\t\t\t<h6>We take care of the connection of i-taros to websites, apps, data warehouse solutions and other software systems. We are also happy to implement customized software solutions according to your individual requirements.<\/h6>\n\t\t\t\t<span class=\"link-text\"><a href=\"\/en\/what-we-offer\/#entwicklung\"> <u>Learn more<\/u> <\/a><\/span>\n\t\t\t<\/div>\n\n\t\t\t<!--\t<div class=\"col-md-4\">\n\t\t\t\t<div class=\"each-grid\">\n\t\t\t\t\t<img decoding=\"async\" src=\"\/wp-content\/uploads\/2018\/06\/Gruppe-593.png\" alt=\"Fort- und Weiterbildung\" title=\"Fort- und Weiterbildung\" loading=\"lazy\">\t\n\t\t\t\t<\/div>\n\t\t\t\t<h3>Fort- & Weiterbildung<\/h3>\n\t\t\t\t<h6>Digitalisieren Sie Ihr Trainings- und Qualifizierungs- <\/br> management. Organisieren Sie effizient Seminare sowie Zertifikate und Anerkennungsverfahren.<\/h6>\n\t\t\t\t<span class=\"link-text\"><a href=\"\/fort-und-weiterbildung\/\"> <u>Mehr dazu<\/u> <\/a><\/span>\n\t\t\t<\/div> -->\n\n\t\t\t<div class=\"col-md-4\">\n\t\t\t\t<div class=\"each-grid\">\n\t\t\t\t\t<img decoding=\"async\" src=\"\/wp-content\/uploads\/2018\/06\/Gruppe-522.png\" alt=\"Schulungen\" title=\"Trainings\" loading=\"lazy\">\n\t\t\t\t<\/div>\n\t\t\t\t<h3>Trainings<\/h3>\n\t\t\t\t<h6>In line with your i-taros solution, we offer you individually tailored training options for the users and application administrators of the software.<\/h6>\n\t\t\t\t<span class=\"link-text\"><a href=\"\/en\/what-we-offer\/#schulungen\"> <u>Learn more<\/u> <\/a><\/span>\n\t\t\t<\/div>\n\n\t\t<\/div>\n\t<\/div>\n\n\t<div class=\"kleo_text_column wpb_content_element\">\n\t\t<div class=\"wpb_wrapper\">\n\t\t\t<div>\n<div><\/div>\n<\/div>\n\n\t\t<\/div> \n\t<\/div> <\/div><\/div><\/div><\/div><\/div><\/section><!-- end section --><section class=\"container-wrap  main-color custom-color  text-center\"  style=\"color: #444444;background-image: url(https:\/\/dev.ipericon.co.uk\/wp-content\/uploads\/2022\/03\/background-kontakt.png);background-position: center top;background-repeat: no-repeat;background-attachment: scroll;background-size: cover;padding-top:40px;padding-bottom:40px;margin-top:40px\" ><div class=\"section-container container\"><div class=\"vc_row vc_row-fluid row vc_row-o-content-middle vc_row-flex vc_row-has-fill\"><div class=\"wpb_column vc_column_container vc_col-sm-8\"><div class=\"vc_column-inner\"><div class=\"wpb_wrapper\">\n\t<div class=\"kleo_text_column wpb_content_element  animated animate-when-visible left-to-right\" style=\" color:#444444;\">\n\t\t<div class=\"wpb_wrapper\">\n\t\t\t<h3>Would you like to learn more about the ipericon UK Ltd. and our services?<\/h3>\n\n\t\t<\/div> \n\t<\/div> <\/div><\/div><\/div><div class=\"wpb_column vc_column_container vc_col-sm-4\"><div class=\"vc_column-inner\"><div class=\"wpb_wrapper\"><style>#btn_69d70457c2dd3:hover {background-color: #7c0021 !important;}<\/style><div class=\"text-center\"><a class=\"btn buttonstartseite btn-special btn-custom btn-lg\" href=\"https:\/\/dev.ipericon.co.uk\/en\/contact\/\" style=\"background-color: #9c142b;color: #ffffff;border: none !important; box-shadow: none;border: none !important;\"id=\"btn_69d70457c2dd3\">Feel free to contact us.<\/a><\/div><\/div><\/div><\/div><\/div><\/div><\/section><!-- end section --><\/section><section class=\"vc_section homepage row-7\"><section class=\"container-wrap  main-color\"  ><div class=\"section-container container\"><div class=\"vc_row vc_row-fluid row\"><div class=\"wpb_animate_when_almost_visible wpb_fadeInLeft fadeInLeft wpb_column vc_column_container vc_col-sm-12\"><div class=\"vc_column-inner\"><div class=\"wpb_wrapper\"><h2 style=\"font-size: 30px;color: #9c142a;line-height: 36px;text-align: center\" class=\"vc_custom_heading heading\">Awarded. Recognized. Innovative.<\/h2><\/div><\/div><\/div><\/div><\/div><\/section><!-- end section --><section class=\"container-wrap  main-color\"  ><div class=\"section-container container\"><div class=\"vc_row vc_row-fluid row\"><div class=\"wpb_animate_when_almost_visible wpb_fadeInRight fadeInRight wpb_column vc_column_container vc_col-sm-12\"><div class=\"vc_column-inner\"><div class=\"wpb_wrapper\">\t<div class=\"client-logos\">\n\t\t<div class=\"row\">\n\t\t\t<div class=\"col-lg-6 first-four-logos\">\n\t\t\t\t<div class=\"row\">\n\t\t\t\t\t<div class=\"col-sm-3 each-logo\">\n\t\t\t\t\t\t<img decoding=\"async\" src=\"\/wp-content\/uploads\/2018\/06\/berlin_mahavigroup.jpg\" alt=\"\">\n\t\t\t\t\t<\/div>\n\t\t\t\t\t<div class=\"col-sm-3 each-logo\">\n\t\t\t\t\t\t<img decoding=\"async\" src=\"\/wp-content\/uploads\/2018\/06\/gba.jpg\" alt=\"\">\n\t\t\t\t\t<\/div>\n\t\t\t\t\t<div class=\"col-sm-3 each-logo\">\n\t\t\t\t\t\t<img decoding=\"async\" src=\"\/wp-content\/uploads\/2021\/06\/Bild-24.png\" alt=\"\">\n\t\t\t\t\t<\/div>\n\t\t\t\t\t<div class=\"col-sm-3 each-logo\">\n\t\t\t\t\t\t<img decoding=\"async\" src=\"\/wp-content\/uploads\/2021\/06\/Bild-25.png\" alt=\"\">\n\t\t\t\t\t<\/div>\n\t\t\t\t<\/div>\n\t\t\t<\/div>\n\t\t\t<div class=\"col-lg-6 second-four-logos\">\n\t\t\t\t<div class=\"row\">\n\t\t\t\t\t<div class=\"col-sm-3 each-logo\">\n\t\t\t\t\t\t<img decoding=\"async\" src=\"\/wp-content\/uploads\/2018\/06\/Forschung_und_Entwicklung_2022_web-e1650463434912.png\" alt=\"\">\n\t\t\t\t\t<\/div>\n\t\t\t\t\t<div class=\"col-sm-3 each-logo\">\n\t\t\t\t\t\t<img decoding=\"async\" src=\"\/wp-content\/uploads\/2021\/06\/Bild-27.png\" alt=\"\">\n\t\t\t\t\t<\/div>\n\t\t\t\t\t<div class=\"col-sm-3 each-logo\">\n\t\t\t\t\t\t<img decoding=\"async\" src=\"\/wp-content\/uploads\/2021\/06\/Bild-28.png\" alt=\"\"> <span class=\"gold-winner-text\"> <strong>3x<\/strong> <\/span>\n\t\t\t\t\t<\/div>\n\t\t\t\t\t<div class=\"col-sm-3 each-logo\">\n\t\t\t\t\t\t<img decoding=\"async\" src=\"\/wp-content\/uploads\/2021\/06\/Bild-29.png\" alt=\"\">\n\t\t\t\t\t<\/div>\n\t\t\t\t<\/div>\n\t\t\t<\/div>\n\t\t<\/div>\n\t<\/div>\n\t\n\t<div class=\"kleo_text_column wpb_content_element\">\n\t\t<div class=\"wpb_wrapper\">\n\t\t\t<div>\n<div><\/div>\n<\/div>\n\n\t\t<\/div> \n\t<\/div> <\/div><\/div><\/div><\/div><\/div><\/section><!-- end section --><\/section><section class=\"container-wrap  main-color custom-color bg-parallax  animated animate-when-visible el-fade text-center\"  style=\"color: #444444;background-image: url(https:\/\/dev.ipericon.co.uk\/wp-content\/uploads\/2022\/03\/background-kontakt.png);background-position: center top;background-repeat: no-repeat;background-attachment: fixed;background-size: cover;padding-top:60px;padding-bottom:60px\" data-prlx-speed=\"0.1\"><div class=\"section-container container\"><div class=\"vc_row vc_row-fluid row vc_row-o-content-middle vc_row-flex vc_row-has-fill\"><div class=\"wpb_column vc_column_container vc_col-sm-12\"><div class=\"vc_column-inner\"><div class=\"wpb_wrapper\">\n\t<div class=\"kleo_text_column wpb_content_element\" style=\" color:#444444;\">\n\t\t<div class=\"wpb_wrapper\">\n\t\t\t<h3 style=\"text-align: center;\">Our clients<\/h3>\n\n\t\t<\/div> \n\t<\/div> <div class=\"vc_row wpb_row vc_inner vc_row-fluid\"><div class=\"wpb_column vc_column_container vc_col-sm-12\"><div class=\"vc_column-inner\"><div class=\"wpb_wrapper\">\n\t<div class=\"kleo_text_column wpb_content_element  vc_custom_1688551167143\" style=\" font-size:18px; line-height:36px;\">\n\t\t<div class=\"wpb_wrapper\">\n\t\t\t<p>Our customers are companies of all sizes and from numerous industries and many regions of the world \u2013 with our wide range of products and services, we offer everyone a custom-fit solution.<\/p>\n\n\t\t<\/div> \n\t<\/div> <\/div><\/div><\/div><\/div><style>#btn_69d70457c40cf:hover {background-color: #7c0021 !important;}<\/style><div class=\"text-center\"><a class=\"btn with-icon btn-special btn-custom btn-lg\" href=\"https:\/\/dev.ipericon.co.uk\/en\/customers\" style=\"background-color: #9c142b;color: #ffffff;border: none !important;\"id=\"btn_69d70457c40cf\"><i class=\"icon-angle-double-right\" ><\/i> To the client groups<\/a><\/div><\/div><\/div><\/div><\/div><\/div><\/section><!-- end section --><section class=\"vc_section homepage row-4 wpb_animate_when_almost_visible wpb_bottom-to-top bottom-to-top vc_custom_1688994040377 vc_section-has-fill\"><section class=\"container-wrap  image-text-column main-color  hidden-xs\"  ><div class=\"section-container container\"><div class=\"vc_row vc_row-fluid row\"><div class=\"wpb_column vc_column_container vc_col-sm-6\"><div class=\"vc_column-inner vc_custom_1688562706756\"><div class=\"wpb_wrapper\"><h1 style=\"font-size: 30px;color: #9c142a;line-height: 45px;text-align: left\" class=\"vc_custom_heading heading\">Your benefits with us<\/h1>\n\t<div class=\"kleo_text_column wpb_content_element  text\" style=\" font-size:22px; line-height:33px; color:#444444;\">\n\t\t<div class=\"wpb_wrapper\">\n\t\t\t<p style=\"text-align: left;\">\u2022 <strong>Exceptional agility<\/strong> and <strong>effortless scalability<\/strong><br \/>\n\u2022 Innovative, patented <strong>no-code technology<\/strong><br \/>\n\u2022 Individual, <strong>proficient consultancy<\/strong><br \/>\n\u2022 <strong>Digitalization assessment<\/strong> by our IT experts<br \/>\n\u2022 <strong>Customer-oriented pricing<\/strong> and <strong>Conditions<\/strong><br \/>\n\u2022 Qualified <strong>personal service<\/strong> and <strong>Support<\/strong><\/p>\n\n\t\t<\/div> \n\t<\/div> <\/div><\/div><\/div><div class=\"wpb_column vc_column_container vc_col-sm-6\"><div class=\"vc_column-inner vc_custom_1688562778988\"><div class=\"wpb_wrapper\"><div class=\"wpb_single_image wpb_content_element vc_align_left  image-girl\"><figure class=\"wpb_wrapper vc_figure\"><div class=\"vc_single_image-wrapper   vc_box_border_grey\"><img loading=\"lazy\" decoding=\"async\" class=\"vc_single_image-img\" src=\"https:\/\/dev.ipericon.co.uk\/wp-content\/uploads\/2023\/07\/balloon-270x281.png\" width=\"270\" height=\"281\" alt=\"balloon\" title=\"balloon\" \/><\/div><\/figure><\/div><\/div><\/div><\/div><\/div><\/div><\/section><!-- end section --><\/section><section class=\"container-wrap  main-color\"  ><div class=\"section-container container\"><div class=\"vc_row vc_row-fluid row\"><div class=\"wpb_column vc_column_container vc_col-sm-12\"><div class=\"vc_column-inner\"><div class=\"wpb_wrapper\">\n\t<div class=\"kleo_text_column wpb_content_element\">\n\t\t<div class=\"wpb_wrapper\">\n\t\t\t\n\n\t\t<\/div> \n\t<\/div> <\/div><\/div><\/div><\/div><\/div><\/section><!-- end section --><\/p>","protected":false},"excerpt":{"rendered":"Passgenaue Software-L\u00f6sungen in der Cloud Willkommen bei ipericon Als Experte f\u00fcr Digitalisierungsvorhaben und Anbieter ma\u00dfgeschneiderter digitaler Gesch\u00e4ftsl\u00f6sungen in der Cloud unterst\u00fctzt die ipericon UK Ltd. ihre Kunden bei deren Digitalisierungsvorhaben, und das ganzheitlich \u2013 von der Neuausrichtung der Organisation und Prozesse \u00fcber die strategische IT-Planung und die Entwicklung von Fach- und IT-Konzepten bis hin zur Erstellung, Pflege und laufenden Bereitstellung [...]","protected":false},"author":3,"featured_media":0,"parent":0,"menu_order":0,"comment_status":"closed","ping_status":"closed","template":"page-templates\/full-width.php","meta":{"footnotes":""},"class_list":["post-5","page","type-page","status-publish","hentry"],"yoast_head":"<!-- This site is optimized with the Yoast SEO plugin v20.10 - https:\/\/yoast.com\/wordpress\/plugins\/seo\/ -->\n<title>ipericon UK Ltd. - Custom-fit software solutions in the cloud<\/title>\n<meta name=\"description\" content=\"ipericon UK Ltd. is part of the B&amp;IT family of companies. We offer software solutions and services tailored precisely to your requirements.\" \/>\n<meta name=\"robots\" content=\"index, follow, max-snippet:-1, max-image-preview:large, max-video-preview:-1\" \/>\n<link rel=\"canonical\" href=\"https:\/\/dev.ipericon.co.uk\/en\/\" \/>\n<meta property=\"og:locale\" content=\"en_GB\" \/>\n<meta property=\"og:type\" content=\"article\" \/>\n<meta property=\"og:title\" content=\"ipericon UK Ltd. - Custom-fit software solutions in the cloud\" \/>\n<meta property=\"og:description\" content=\"ipericon UK Ltd. is part of the B&amp;IT family of companies. We offer software solutions and services tailored precisely to your requirements.\" \/>\n<meta property=\"og:url\" content=\"https:\/\/dev.ipericon.co.uk\/en\/\" \/>\n<meta property=\"og:site_name\" content=\"Ipericon UK Ltd.\" \/>\n<meta property=\"article:publisher\" content=\"https:\/\/www.facebook.com\/buit.group\" \/>\n<meta property=\"article:modified_time\" content=\"2023-07-12T19:48:51+00:00\" \/>\n<meta name=\"twitter:card\" content=\"summary_large_image\" \/>\n<meta name=\"twitter:site\" content=\"@BuIT_Group\" \/>\n<meta name=\"twitter:label1\" content=\"Estimated reading time\" \/>\n\t<meta name=\"twitter:data1\" content=\"2 minutes\" \/>\n<script type=\"application\/ld+json\" class=\"yoast-schema-graph\">{\"@context\":\"https:\/\/schema.org\",\"@graph\":[{\"@type\":\"WebPage\",\"@id\":\"https:\/\/dev.ipericon.co.uk\/\",\"url\":\"https:\/\/dev.ipericon.co.uk\/\",\"name\":\"ipericon UK Ltd. - Custom-fit software solutions in the cloud\",\"isPartOf\":{\"@id\":\"https:\/\/dev.ipericon.co.uk\/en\/#website\"},\"datePublished\":\"2014-08-18T08:25:24+00:00\",\"dateModified\":\"2023-07-12T19:48:51+00:00\",\"description\":\"ipericon UK Ltd. is part of the B&IT family of companies. We offer software solutions and services tailored precisely to your requirements.\",\"inLanguage\":\"en-GB\",\"potentialAction\":[{\"@type\":\"ReadAction\",\"target\":[\"https:\/\/dev.ipericon.co.uk\/\"]}]},{\"@type\":\"WebSite\",\"@id\":\"https:\/\/dev.ipericon.co.uk\/en\/#website\",\"url\":\"https:\/\/dev.ipericon.co.uk\/en\/\",\"name\":\"Ipericon UK Ltd.\",\"description\":\"tailor-made software solutions in the cloud\",\"potentialAction\":[{\"@type\":\"SearchAction\",\"target\":{\"@type\":\"EntryPoint\",\"urlTemplate\":\"https:\/\/dev.ipericon.co.uk\/en\/?s={search_term_string}\"},\"query-input\":\"required name=search_term_string\"}],\"inLanguage\":\"en-GB\"}]}<\/script>\n<!-- \/ Yoast SEO plugin. -->","yoast_head_json":{"title":"ipericon UK Ltd. - Custom-fit software solutions in the cloud","description":"ipericon UK Ltd. is part of the B&IT family of companies. We offer software solutions and services tailored precisely to your requirements.","robots":{"index":"index","follow":"follow","max-snippet":"max-snippet:-1","max-image-preview":"max-image-preview:large","max-video-preview":"max-video-preview:-1"},"canonical":"https:\/\/dev.ipericon.co.uk\/en\/","og_locale":"en_GB","og_type":"article","og_title":"ipericon UK Ltd. - Custom-fit software solutions in the cloud","og_description":"ipericon UK Ltd. is part of the B&IT family of companies. We offer software solutions and services tailored precisely to your requirements.","og_url":"https:\/\/dev.ipericon.co.uk\/en\/","og_site_name":"Ipericon UK Ltd.","article_publisher":"https:\/\/www.facebook.com\/buit.group","article_modified_time":"2023-07-12T19:48:51+00:00","twitter_card":"summary_large_image","twitter_site":"@BuIT_Group","twitter_misc":{"Estimated reading time":"2 minutes"},"schema":{"@context":"https:\/\/schema.org","@graph":[{"@type":"WebPage","@id":"https:\/\/dev.ipericon.co.uk\/","url":"https:\/\/dev.ipericon.co.uk\/","name":"ipericon UK Ltd. - Custom-fit software solutions in the cloud","isPartOf":{"@id":"https:\/\/dev.ipericon.co.uk\/en\/#website"},"datePublished":"2014-08-18T08:25:24+00:00","dateModified":"2023-07-12T19:48:51+00:00","description":"ipericon UK Ltd. is part of the B&IT family of companies. We offer software solutions and services tailored precisely to your requirements.","inLanguage":"en-GB","potentialAction":[{"@type":"ReadAction","target":["https:\/\/dev.ipericon.co.uk\/"]}]},{"@type":"WebSite","@id":"https:\/\/dev.ipericon.co.uk\/en\/#website","url":"https:\/\/dev.ipericon.co.uk\/en\/","name":"Ipericon UK Ltd.","description":"tailor-made software solutions in the cloud","potentialAction":[{"@type":"SearchAction","target":{"@type":"EntryPoint","urlTemplate":"https:\/\/dev.ipericon.co.uk\/en\/?s={search_term_string}"},"query-input":"required name=search_term_string"}],"inLanguage":"en-GB"}]}},"_links":{"self":[{"href":"https:\/\/dev.ipericon.co.uk\/en\/wp-json\/wp\/v2\/pages\/5","targetHints":{"allow":["GET"]}}],"collection":[{"href":"https:\/\/dev.ipericon.co.uk\/en\/wp-json\/wp\/v2\/pages"}],"about":[{"href":"https:\/\/dev.ipericon.co.uk\/en\/wp-json\/wp\/v2\/types\/page"}],"author":[{"embeddable":true,"href":"https:\/\/dev.ipericon.co.uk\/en\/wp-json\/wp\/v2\/users\/3"}],"replies":[{"embeddable":true,"href":"https:\/\/dev.ipericon.co.uk\/en\/wp-json\/wp\/v2\/comments?post=5"}],"version-history":[{"count":603,"href":"https:\/\/dev.ipericon.co.uk\/en\/wp-json\/wp\/v2\/pages\/5\/revisions"}],"predecessor-version":[{"id":5314,"href":"https:\/\/dev.ipericon.co.uk\/en\/wp-json\/wp\/v2\/pages\/5\/revisions\/5314"}],"wp:attachment":[{"href":"https:\/\/dev.ipericon.co.uk\/en\/wp-json\/wp\/v2\/media?parent=5"}],"curies":[{"name":"wp","href":"https:\/\/api.w.org\/{rel}","templated":true}]}}