{"id":4617,"date":"2021-12-02T10:14:11","date_gmt":"2021-12-02T09:14:11","guid":{"rendered":"https:\/\/dev.ipericon.co.uk\/?page_id=4617"},"modified":"2023-07-27T16:32:18","modified_gmt":"2023-07-27T14:32:18","slug":"customers","status":"publish","type":"page","link":"https:\/\/dev.ipericon.co.uk\/en\/customers\/","title":{"rendered":"Customers"},"content":{"rendered":"<section class=\"vc_section page-2-subpages row-1 vc_custom_1688479375952 vc_section-has-fill\"><section class=\"container-wrap  row-1-content main-color\"  ><div class=\"section-container container\"><div class=\"vc_row vc_row-fluid row\"><div class=\"wpb_column vc_column_container vc_col-sm-12\"><div class=\"vc_column-inner\"><div class=\"wpb_wrapper\"><h1 style=\"font-size: 40px;color: #9c142a;line-height: 50px;text-align: left\" class=\"vc_custom_heading heading\">We want you to be thrilled!<\/h1><\/div><\/div><\/div><\/div><\/div><\/section><!-- end section --><\/section><section class=\"container-wrap  main-color\"  style=\"padding-top:40px\" ><div class=\"section-container container\"><div class=\"vc_row vc_row-fluid row\"><div class=\"wpb_column vc_column_container vc_col-sm-12\"><div class=\"vc_column-inner\"><div class=\"wpb_wrapper\"><h1 style=\"font-size: 28px;color: #9c142a;text-align: center\" class=\"vc_custom_heading\">Our clients<\/h1><\/div><\/div><\/div><\/div><\/div><\/section><!-- end section --><section class=\"container-wrap  main-color custom-color\"  style=\"color: #707070;padding-top:40px;padding-bottom:40px\" ><div class=\"section-container container\"><div class=\"vc_row vc_row-fluid row\"><div class=\"wpb_column vc_column_container vc_col-sm-12\"><div class=\"vc_column-inner\"><div class=\"wpb_wrapper\"><style><\/style>\n\t<div class=\"kleo_text_column wpb_content_element\" style=\" font-size:18px; line-height:36px;\" data-uid=\"69d71a77b4ebc\">\n\t\t<div class=\"wpb_wrapper\">\n\t\t\t<p style=\"text-align: center;\">Our client groups include in particular small and medium-sized enterprises from all regions of the world and many areas of business and public administration, e.g.<\/p>\n\n\t\t<\/div> \n\t<\/div> <\/div><\/div><\/div><\/div><\/div><\/section><!-- end section --><section class=\"container-wrap  main-color\"  style=\"padding-top:40px;padding-bottom:40px\" ><div class=\"section-container container\"><div class=\"vc_row vc_row-fluid row\"><div class=\"wpb_column vc_column_container vc_col-sm-3\"><div class=\"vc_column-inner\"><div class=\"wpb_wrapper\"><div class=\"vc_icon_element vc_icon_element-outer vc_icon_element-align-center vc_icon_element-have-style\"><div class=\"vc_icon_element-inner vc_icon_element-color-custom vc_icon_element-have-style-inner vc_icon_element-size-md vc_icon_element-style-rounded-outline vc_icon_element-outline vc_icon_element-background-color-custom\"  style=\"border-color:#9c142a\"><span class=\"vc_icon_element-icon fa fa-graduation-cap\" style=\"color:#9c142a !important\"><\/span><\/div><\/div>\n\t<div class=\"kleo_text_column wpb_content_element  text\" style=\" font-size:14px;\">\n\t\t<div class=\"wpb_wrapper\">\n\t\t\t<p style=\"text-align: center;\"><strong>Education, Science &amp; Research<\/strong><\/p>\n\n\t\t<\/div> \n\t<\/div> <\/div><\/div><\/div><div class=\"wpb_column vc_column_container vc_col-sm-3\"><div class=\"vc_column-inner\"><div class=\"wpb_wrapper\"><div class=\"vc_icon_element vc_icon_element-outer vc_icon_element-align-center vc_icon_element-have-style\"><div class=\"vc_icon_element-inner vc_icon_element-color-custom vc_icon_element-have-style-inner vc_icon_element-size-md vc_icon_element-style-rounded-outline vc_icon_element-outline vc_icon_element-background-color-custom\"  style=\"border-color:#9c142a\"><span class=\"vc_icon_element-icon fa fa-eur\" style=\"color:#9c142a !important\"><\/span><\/div><\/div>\n\t<div class=\"kleo_text_column wpb_content_element  text\" style=\" font-size:14px;\">\n\t\t<div class=\"wpb_wrapper\">\n\t\t\t<p style=\"text-align: center;\"><strong>Financial services<\/strong><\/p>\n\n\t\t<\/div> \n\t<\/div> <\/div><\/div><\/div><div class=\"wpb_column vc_column_container vc_col-sm-3\"><div class=\"vc_column-inner\"><div class=\"wpb_wrapper\"><div class=\"vc_icon_element vc_icon_element-outer vc_icon_element-align-center vc_icon_element-have-style\"><div class=\"vc_icon_element-inner vc_icon_element-color-custom vc_icon_element-have-style-inner vc_icon_element-size-md vc_icon_element-style-rounded-outline vc_icon_element-outline vc_icon_element-background-color-custom\"  style=\"border-color:#9c142a\"><span class=\"vc_icon_element-icon fa fa-futbol-o\" style=\"color:#9c142a !important\"><\/span><\/div><\/div>\n\t<div class=\"kleo_text_column wpb_content_element  text\" style=\" font-size:14px;\">\n\t\t<div class=\"wpb_wrapper\">\n\t\t\t<p style=\"text-align: center;\"><strong>Leisure, tourism, gastronomy<\/strong><\/p>\n\n\t\t<\/div> \n\t<\/div> <\/div><\/div><\/div><div class=\"wpb_column vc_column_container vc_col-sm-3\"><div class=\"vc_column-inner\"><div class=\"wpb_wrapper\"><div class=\"vc_icon_element vc_icon_element-outer vc_icon_element-align-center vc_icon_element-have-style\"><div class=\"vc_icon_element-inner vc_icon_element-color-custom vc_icon_element-have-style-inner vc_icon_element-size-md vc_icon_element-style-rounded-outline vc_icon_element-outline vc_icon_element-background-color-custom\"  style=\"border-color:#9c142a\"><span class=\"vc_icon_element-icon fa fa-shopping-cart\" style=\"color:#9c142a !important\"><\/span><\/div><\/div>\n\t<div class=\"kleo_text_column wpb_content_element  text\" style=\" font-size:14px;\">\n\t\t<div class=\"wpb_wrapper\">\n\t\t\t<p style=\"text-align: center;\"><strong>Retail<\/strong><\/p>\n\n\t\t<\/div> \n\t<\/div> <\/div><\/div><\/div><\/div><\/div><\/section><!-- end section --><section class=\"container-wrap  main-color\"  style=\"padding-top:40px;padding-bottom:40px\" ><div class=\"section-container container\"><div class=\"vc_row vc_row-fluid row\"><div class=\"wpb_column vc_column_container vc_col-sm-3\"><div class=\"vc_column-inner\"><div class=\"wpb_wrapper\"><div class=\"vc_icon_element vc_icon_element-outer vc_icon_element-align-center vc_icon_element-have-style\"><div class=\"vc_icon_element-inner vc_icon_element-color-custom vc_icon_element-have-style-inner vc_icon_element-size-md vc_icon_element-style-rounded-outline vc_icon_element-outline vc_icon_element-background-color-custom\"  style=\"border-color:#9c142a\"><span class=\"vc_icon_element-icon fa fa-industry\" style=\"color:#9c142a !important\"><\/span><\/div><\/div>\n\t<div class=\"kleo_text_column wpb_content_element  text\" style=\" font-size:14px;\">\n\t\t<div class=\"wpb_wrapper\">\n\t\t\t<p style=\"text-align: center;\"><strong>Industry and craft<\/strong><\/p>\n\n\t\t<\/div> \n\t<\/div> <\/div><\/div><\/div><div class=\"wpb_column vc_column_container vc_col-sm-3\"><div class=\"vc_column-inner\"><div class=\"wpb_wrapper\"><div class=\"vc_icon_element vc_icon_element-outer vc_icon_element-align-center vc_icon_element-have-style\"><div class=\"vc_icon_element-inner vc_icon_element-color-custom vc_icon_element-have-style-inner vc_icon_element-size-md vc_icon_element-style-rounded-outline vc_icon_element-outline vc_icon_element-background-color-custom\"  style=\"border-color:#9c142a\"><span class=\"vc_icon_element-icon fa fa-desktop\" style=\"color:#9c142a !important\"><\/span><\/div><\/div>\n\t<div class=\"kleo_text_column wpb_content_element  text\" style=\" font-size:14px;\">\n\t\t<div class=\"wpb_wrapper\">\n\t\t\t<p style=\"text-align: center;\"><strong>IT and telecommunications<\/strong><\/p>\n\n\t\t<\/div> \n\t<\/div> <\/div><\/div><\/div><div class=\"wpb_column vc_column_container vc_col-sm-3\"><div class=\"vc_column-inner\"><div class=\"wpb_wrapper\"><div class=\"vc_icon_element vc_icon_element-outer vc_icon_element-align-center vc_icon_element-have-style\"><div class=\"vc_icon_element-inner vc_icon_element-color-custom vc_icon_element-have-style-inner vc_icon_element-size-md vc_icon_element-style-rounded-outline vc_icon_element-outline vc_icon_element-background-color-custom\"  style=\"border-color:#9c142a\"><span class=\"vc_icon_element-icon fa fa-truck\" style=\"color:#9c142a !important\"><\/span><\/div><\/div>\n\t<div class=\"kleo_text_column wpb_content_element  text\" style=\" font-size:14px;\">\n\t\t<div class=\"wpb_wrapper\">\n\t\t\t<p style=\"text-align: center;\"><strong>Logistics and transportation<\/strong><\/p>\n\n\t\t<\/div> \n\t<\/div> <\/div><\/div><\/div><div class=\"wpb_column vc_column_container vc_col-sm-3\"><div class=\"vc_column-inner\"><div class=\"wpb_wrapper\"><div class=\"vc_icon_element vc_icon_element-outer vc_icon_element-align-center vc_icon_element-have-style\"><div class=\"vc_icon_element-inner vc_icon_element-color-custom vc_icon_element-have-style-inner vc_icon_element-size-md vc_icon_element-style-rounded-outline vc_icon_element-outline vc_icon_element-background-color-custom\"  style=\"border-color:#9c142a\"><span class=\"vc_icon_element-icon fa fa-picture-o\" style=\"color:#9c142a !important\"><\/span><\/div><\/div>\n\t<div class=\"kleo_text_column wpb_content_element\" style=\" font-size:14px;\">\n\t\t<div class=\"wpb_wrapper\">\n\t\t\t<p style=\"text-align: center;\"><strong>Media and culture<\/strong><\/p>\n\n\t\t<\/div> \n\t<\/div> <\/div><\/div><\/div><\/div><\/div><\/section><!-- end section --><section class=\"container-wrap  main-color\"  style=\"padding-top:40px;padding-bottom:80px\" ><div class=\"section-container container\"><div class=\"vc_row vc_row-fluid row\"><div class=\"wpb_column vc_column_container vc_col-sm-3\"><div class=\"vc_column-inner\"><div class=\"wpb_wrapper\"><div class=\"vc_icon_element vc_icon_element-outer vc_icon_element-align-center vc_icon_element-have-style\"><div class=\"vc_icon_element-inner vc_icon_element-color-custom vc_icon_element-have-style-inner vc_icon_element-size-md vc_icon_element-style-rounded-outline vc_icon_element-outline vc_icon_element-background-color-custom\"  style=\"border-color:#9c142a\"><span class=\"vc_icon_element-icon fa fa-medkit\" style=\"color:#9c142a !important\"><\/span><\/div><\/div>\n\t<div class=\"kleo_text_column wpb_content_element  text\" style=\" font-size:14px;\">\n\t\t<div class=\"wpb_wrapper\">\n\t\t\t<p style=\"text-align: center;\"><strong>Medicine and health<\/strong><\/p>\n\n\t\t<\/div> \n\t<\/div> <\/div><\/div><\/div><div class=\"wpb_column vc_column_container vc_col-sm-3\"><div class=\"vc_column-inner\"><div class=\"wpb_wrapper\"><div class=\"vc_icon_element vc_icon_element-outer vc_icon_element-align-center vc_icon_element-have-style\"><div class=\"vc_icon_element-inner vc_icon_element-color-custom vc_icon_element-have-style-inner vc_icon_element-size-md vc_icon_element-style-rounded-outline vc_icon_element-outline vc_icon_element-background-color-custom\"  style=\"border-color:#9c142a\"><span class=\"vc_icon_element-icon fa fa-suitcase\" style=\"color:#9c142a !important\"><\/span><\/div><\/div>\n\t<div class=\"kleo_text_column wpb_content_element  text\" style=\" font-size:14px;\">\n\t\t<div class=\"wpb_wrapper\">\n\t\t\t<p style=\"text-align: center;\"><strong>Corporate service providers (e.g. personnel consulting, management consulting)<\/strong><\/p>\n\n\t\t<\/div> \n\t<\/div> <\/div><\/div><\/div><div class=\"wpb_column vc_column_container vc_col-sm-3\"><div class=\"vc_column-inner\"><div class=\"wpb_wrapper\"><div class=\"vc_icon_element vc_icon_element-outer vc_icon_element-align-center vc_icon_element-have-style\"><div class=\"vc_icon_element-inner vc_icon_element-color-custom vc_icon_element-have-style-inner vc_icon_element-size-md vc_icon_element-style-rounded-outline vc_icon_element-outline vc_icon_element-background-color-custom\"  style=\"border-color:#9c142a\"><span class=\"vc_icon_element-icon fa fa-recycle\" style=\"color:#9c142a !important\"><\/span><\/div><\/div>\n\t<div class=\"kleo_text_column wpb_content_element  text\" style=\" font-size:14px;\">\n\t\t<div class=\"wpb_wrapper\">\n\t\t\t<p style=\"text-align: center;\"><strong>Suppliers and disposers<\/strong><\/p>\n\n\t\t<\/div> \n\t<\/div> <\/div><\/div><\/div><div class=\"wpb_column vc_column_container vc_col-sm-3\"><div class=\"vc_column-inner\"><div class=\"wpb_wrapper\"><div class=\"vc_icon_element vc_icon_element-outer vc_icon_element-align-center vc_icon_element-have-style\"><div class=\"vc_icon_element-inner vc_icon_element-color-custom vc_icon_element-have-style-inner vc_icon_element-size-md vc_icon_element-style-rounded-outline vc_icon_element-outline vc_icon_element-background-color-custom\"  style=\"border-color:#9c142a\"><span class=\"vc_icon_element-icon fa fa-users\" style=\"color:#9c142a !important\"><\/span><\/div><\/div>\n\t<div class=\"kleo_text_column wpb_content_element  text\" style=\" font-size:14px;\">\n\t\t<div class=\"wpb_wrapper\">\n\t\t\t<p style=\"text-align: center;\"><strong>Associations, clubs, public &amp; non-profit institutions<\/strong><\/p>\n\n\t\t<\/div> \n\t<\/div> <\/div><\/div><\/div><\/div><\/div><\/section><!-- end section --><section class=\"vc_section vc_custom_1647943783866 vc_section-has-fill\"><section class=\"container-wrap  main-color custom-color\"  style=\"color: #707070;padding-bottom:40px\" ><div class=\"section-container container\"><div class=\"vc_row vc_row-fluid row\"><div class=\"wpb_column vc_column_container vc_col-sm-6\"><div class=\"vc_column-inner\"><div class=\"wpb_wrapper\"><style><\/style>\n\t<div class=\"kleo_text_column wpb_content_element  vc_custom_1690468263968\" style=\" font-size:16px; line-height:24px;\" data-uid=\"69d71a77b7376\">\n\t\t<div class=\"wpb_wrapper\">\n\t\t\t<ul>\n<li>One of the largest statutory pension insurance institutions in Germany with locations throughout the country. This institution also handles the collective tasks of all pension insurance entities.<br \/>\nWe developed software as part of the core system's advancement for this client.<\/li>\n<\/ul>\n<p>&nbsp;<\/p>\n<ul>\n<li>An upper federal authority reporting directly to the Federal Chancellor.<br \/>\nFor this client, we further developed and maintained an automatic archiving system for incoming news reports.<\/li>\n<\/ul>\n<p>&nbsp;<\/p>\n<ul>\n<li>Another customer is a major German mobile phone provider. We executed a model-based (post-)documentation of an internal control system for them, and we also enhanced the fault management system.<\/li>\n<\/ul>\n\n\t\t<\/div> \n\t<\/div> <\/div><\/div><\/div><div class=\"wpb_column vc_column_container vc_col-sm-6\"><div class=\"vc_column-inner\"><div class=\"wpb_wrapper\"><style><\/style>\n\t<div class=\"kleo_text_column wpb_content_element  vc_custom_1690468280373\" style=\" font-size:16px; line-height:24px;\" data-uid=\"69d71a77b74f5\">\n\t\t<div class=\"wpb_wrapper\">\n\t\t\t<ul>\n<li>One of the world's largest transport companies and operator of Europe's largest railway infrastructure.<br \/>\nWe assisted this client in developing a tracking and billing system for cross-border freight transport.<\/li>\n<\/ul>\n<p>&nbsp;<\/p>\n<ul>\n<li>An independent scientific institution advising the German Bundestag, the Federal Government, and the Chancellor on all foreign and security policy matters.<br \/>\nWe further developed this customer's document archiving system.<\/li>\n<\/ul>\n<p>&nbsp;<\/p>\n<ul>\n<li>A provider of rainwater collection and harvesting systems. Their systems are utilized by tens of thousands of customers in the UK. Their range includes garden irrigation systems, rainwater harvesting systems, and all the necessary additives for associated installations.<br \/>\nWe created an internet presence, including a webshop and payment system, for this client and continue to manage and maintain it.<\/li>\n<\/ul>\n\n\t\t<\/div> \n\t<\/div> <\/div><\/div><\/div><\/div><\/div><\/section><!-- end section --><\/section>","protected":false},"excerpt":{"rendered":"Wir wollen, dass Sie begeistert sind!Unsere Kunden Zu unseren Kundengruppen geh\u00f6ren insbesondere kleine und mittelst\u00e4ndische Unternehmen aus allen Regionen der Welt und vielen Bereichen der Wirtschaft und \u00f6ffentlichen Verwaltung, z.B. Bildung, Wissenschaft &amp; Forschung Finanzdienst-leistungs-Unternehmen Freizeit, Touristik, Gastronomie Handel Industrie und Handwerk IT und Telekommunikation Logistik und Verkehr Medien und Kultur Medizin und Gesundheit Unternehmens- Dienstleister (z. B. Personalberatung, Unternehmensberatung) [...]","protected":false},"author":3,"featured_media":0,"parent":0,"menu_order":22,"comment_status":"closed","ping_status":"closed","template":"","meta":{"footnotes":""},"class_list":["post-4617","page","type-page","status-publish","hentry"],"yoast_head":"<!-- This site is optimized with the Yoast SEO plugin v20.10 - https:\/\/yoast.com\/wordpress\/plugins\/seo\/ -->\n<title>Customers - Ipericon UK Ltd.<\/title>\n<meta name=\"description\" content=\"Our client groups include in particular SMEs from all regions of the world and many areas of business and public administration\" \/>\n<meta name=\"robots\" content=\"index, follow, max-snippet:-1, max-image-preview:large, max-video-preview:-1\" \/>\n<link rel=\"canonical\" href=\"https:\/\/dev.ipericon.co.uk\/en\/customers\/\" \/>\n<meta property=\"og:locale\" content=\"en_GB\" \/>\n<meta property=\"og:type\" content=\"article\" \/>\n<meta property=\"og:title\" content=\"Customers - Ipericon UK Ltd.\" \/>\n<meta property=\"og:description\" content=\"Our client groups include in particular SMEs from all regions of the world and many areas of business and public administration\" \/>\n<meta property=\"og:url\" content=\"https:\/\/dev.ipericon.co.uk\/en\/customers\/\" \/>\n<meta property=\"og:site_name\" content=\"Ipericon UK Ltd.\" \/>\n<meta property=\"article:publisher\" content=\"https:\/\/www.facebook.com\/buit.group\" \/>\n<meta property=\"article:modified_time\" content=\"2023-07-27T14:32:18+00:00\" \/>\n<meta name=\"twitter:card\" content=\"summary_large_image\" \/>\n<meta name=\"twitter:site\" content=\"@BuIT_Group\" \/>\n<meta name=\"twitter:label1\" content=\"Estimated reading time\" \/>\n\t<meta name=\"twitter:data1\" content=\"5 minutes\" \/>\n<script type=\"application\/ld+json\" class=\"yoast-schema-graph\">{\"@context\":\"https:\/\/schema.org\",\"@graph\":[{\"@type\":\"WebPage\",\"@id\":\"https:\/\/dev.ipericon.co.uk\/customers\/\",\"url\":\"https:\/\/dev.ipericon.co.uk\/customers\/\",\"name\":\"Customers - Ipericon UK Ltd.\",\"isPartOf\":{\"@id\":\"https:\/\/dev.ipericon.co.uk\/en\/#website\"},\"datePublished\":\"2021-12-02T09:14:11+00:00\",\"dateModified\":\"2023-07-27T14:32:18+00:00\",\"description\":\"Our client groups include in particular SMEs from all regions of the world and many areas of business and public administration\",\"inLanguage\":\"en-GB\",\"potentialAction\":[{\"@type\":\"ReadAction\",\"target\":[\"https:\/\/dev.ipericon.co.uk\/customers\/\"]}]},{\"@type\":\"WebSite\",\"@id\":\"https:\/\/dev.ipericon.co.uk\/en\/#website\",\"url\":\"https:\/\/dev.ipericon.co.uk\/en\/\",\"name\":\"Ipericon UK Ltd.\",\"description\":\"tailor-made software solutions in the cloud\",\"potentialAction\":[{\"@type\":\"SearchAction\",\"target\":{\"@type\":\"EntryPoint\",\"urlTemplate\":\"https:\/\/dev.ipericon.co.uk\/en\/?s={search_term_string}\"},\"query-input\":\"required name=search_term_string\"}],\"inLanguage\":\"en-GB\"}]}<\/script>\n<!-- \/ Yoast SEO plugin. -->","yoast_head_json":{"title":"Customers - Ipericon UK Ltd.","description":"Our client groups include in particular SMEs from all regions of the world and many areas of business and public administration","robots":{"index":"index","follow":"follow","max-snippet":"max-snippet:-1","max-image-preview":"max-image-preview:large","max-video-preview":"max-video-preview:-1"},"canonical":"https:\/\/dev.ipericon.co.uk\/en\/customers\/","og_locale":"en_GB","og_type":"article","og_title":"Customers - Ipericon UK Ltd.","og_description":"Our client groups include in particular SMEs from all regions of the world and many areas of business and public administration","og_url":"https:\/\/dev.ipericon.co.uk\/en\/customers\/","og_site_name":"Ipericon UK Ltd.","article_publisher":"https:\/\/www.facebook.com\/buit.group","article_modified_time":"2023-07-27T14:32:18+00:00","twitter_card":"summary_large_image","twitter_site":"@BuIT_Group","twitter_misc":{"Estimated reading time":"5 minutes"},"schema":{"@context":"https:\/\/schema.org","@graph":[{"@type":"WebPage","@id":"https:\/\/dev.ipericon.co.uk\/customers\/","url":"https:\/\/dev.ipericon.co.uk\/customers\/","name":"Customers - Ipericon UK Ltd.","isPartOf":{"@id":"https:\/\/dev.ipericon.co.uk\/en\/#website"},"datePublished":"2021-12-02T09:14:11+00:00","dateModified":"2023-07-27T14:32:18+00:00","description":"Our client groups include in particular SMEs from all regions of the world and many areas of business and public administration","inLanguage":"en-GB","potentialAction":[{"@type":"ReadAction","target":["https:\/\/dev.ipericon.co.uk\/customers\/"]}]},{"@type":"WebSite","@id":"https:\/\/dev.ipericon.co.uk\/en\/#website","url":"https:\/\/dev.ipericon.co.uk\/en\/","name":"Ipericon UK Ltd.","description":"tailor-made software solutions in the cloud","potentialAction":[{"@type":"SearchAction","target":{"@type":"EntryPoint","urlTemplate":"https:\/\/dev.ipericon.co.uk\/en\/?s={search_term_string}"},"query-input":"required name=search_term_string"}],"inLanguage":"en-GB"}]}},"_links":{"self":[{"href":"https:\/\/dev.ipericon.co.uk\/en\/wp-json\/wp\/v2\/pages\/4617","targetHints":{"allow":["GET"]}}],"collection":[{"href":"https:\/\/dev.ipericon.co.uk\/en\/wp-json\/wp\/v2\/pages"}],"about":[{"href":"https:\/\/dev.ipericon.co.uk\/en\/wp-json\/wp\/v2\/types\/page"}],"author":[{"embeddable":true,"href":"https:\/\/dev.ipericon.co.uk\/en\/wp-json\/wp\/v2\/users\/3"}],"replies":[{"embeddable":true,"href":"https:\/\/dev.ipericon.co.uk\/en\/wp-json\/wp\/v2\/comments?post=4617"}],"version-history":[{"count":110,"href":"https:\/\/dev.ipericon.co.uk\/en\/wp-json\/wp\/v2\/pages\/4617\/revisions"}],"predecessor-version":[{"id":5412,"href":"https:\/\/dev.ipericon.co.uk\/en\/wp-json\/wp\/v2\/pages\/4617\/revisions\/5412"}],"wp:attachment":[{"href":"https:\/\/dev.ipericon.co.uk\/en\/wp-json\/wp\/v2\/media?parent=4617"}],"curies":[{"name":"wp","href":"https:\/\/api.w.org\/{rel}","templated":true}]}}