{"id":3323,"date":"2021-06-09T12:58:23","date_gmt":"2021-06-09T10:58:23","guid":{"rendered":"https:\/\/dev.ipericon.co.uk\/?page_id=3323"},"modified":"2023-07-13T17:15:21","modified_gmt":"2023-07-13T15:15:21","slug":"contact","status":"publish","type":"page","link":"https:\/\/dev.ipericon.co.uk\/en\/contact\/","title":{"rendered":"Contact"},"content":{"rendered":"<section class=\"vc_section page-4 columns vc_custom_1647600856838 vc_section-has-fill\"><section class=\"container-wrap  contact-image main-color\"  style=\"min-height: 823px\" ><div class=\"section-container container\"><div class=\"vc_row vc_row-fluid row vc_row-o-equal-height vc_row-flex\"><div class=\"wpb_column vc_column_container vc_col-sm-6\"><div class=\"vc_column-inner\"><div class=\"wpb_wrapper\"><h1 style=\"font-size: 36px;color: #707070;line-height: 44px;text-align: left\" class=\"vc_custom_heading contact-heading\">Get in touch with us!<\/h1>\t<div class=\"i-taros-success\" style=\"display:none\">\r\n\t\tConfirmation: We will be in contact with you shortly.\r\n\t<\/div>\r\n\t<p id=\"i-taros_form_error_message\" class=\"i-taros-error\" style=\"display:none\"> Please fill in all required fields correctly. <\/p>\r\n\t<p id=\"i-taros_form_email_error_message\" class=\"i-taros-error\" style=\"display:none\"> Please enter a valid e-mail address. <\/p>\r\n\t<p id=\"i-taros_form_date_error_message\" class=\"i-taros-error\" style=\"display:none\"> Please enter the date in the correct format.  <\/p>\r\n\t<p id=\"i-taros_form_data_privacy_error_message\" class=\"i-taros-error\" style=\"display:none\"> Please agree to the data privacy policy. <\/p>\r\n\r\n\t\r\n\t<div class=\"form-section\">\r\n\t\t\r\n\r\n\t\t<form id=\"contact-page-contact-form\" action=\"\" method=\"post\" data-trp-original-action=\"\">\r\n\t\t\t<div class=\"form-row\">\r\n\t\t\t\t<div class=\"form-group col-md-6\">\r\n\t\t\t\t\t<label for=\"firstname\">First name *<\/label>\r\n\t\t\t\t\t<input id=\"firstname\" type=\"text\" name=\"firstname\" value=\"\">\t\r\n\t\t\t\t<\/div>\r\n\t\t\t\t<div class=\"form-group col-md-6\">\r\n\t\t\t\t\t<label for=\"lastname\">Last name *<\/label>\r\n\t\t\t\t\t<input id=\"lastname\" type=\"text\" name=\"lastname\" value=\"\">\t\r\n\t\t\t\t<\/div>\r\n\t\t\t\t<div class=\"form-group col-md-12\">\r\n\t\t\t\t\t<label for=\"email\">Email *<\/label>\r\n\t\t\t\t\t<input id=\"email\" type=\"email\" name=\"email\" value=\"\">\r\n\t\t\t\t<\/div>\r\n\t\t\t\t<div class=\"form-group col-md-6\">\r\n\t\t\t\t\t<label for=\"telephone\">Telephone number<\/label>\r\n\t\t\t\t\t<input id=\"tel_num\" type=\"text\" name=\"tel_num\" value=\"\">\t\r\n\t\t\t\t<\/div>\r\n\t\t\t\t<div class=\"form-group col-md-6\">\r\n\t\t\t\t\t<label for=\"company\">Company<\/label>\r\n\t\t\t\t\t<input id=\"company\" type=\"text\" name=\"company\" value=\"\">\t\r\n\t\t\t\t<\/div>\r\n\t\t\t\t<div class=\"form-group col-md-12\">\r\n\t\t\t\t\t<label for=\"appionment\">Appointment request<\/label>\r\n\t\t\t\t\t<input id=\"appoinment\" class=\"custom_field_datepicker\" type=\"text\" name=\"appoinment\" value=\"\" data-dateformat=\"dd.mm.yy\" placeholder=\"dd.mm.yyyy\">\r\n\t\t\t\t<\/div>\r\n\r\n\t\t\t\t<div class=\"form-group col-md-12\" style=\"margin-bottom:65px;\">\r\n\t\t\t\t\t<label for=\"appionment\">Description<\/label>\r\n\t\t\t\t\t<textarea name=\"note\" id=\"note\" rows=\"2\"><\/textarea>\r\n\t\t\t\t<\/div>\r\n\r\n\t\t\t\t<div class=\"form-group col-md-8\">\r\n\t\t\t\t\t<!-- <div class=\"data-privary-checkbox\">\r\n\t\t\t\t\t\t<input type=\"checkbox\" name=\"data-privacy\">\t\r\n\t\t\t\t\t<\/div> -->\r\n\t\t\t\t\t<div class=\"data-privary-label\">\r\n\t\t\t\t\t\t<label for=\"data-security\">\r\n\t\t\t\t\t\t\t<input type=\"checkbox\" name=\"data-privacy\">\r\n\t\t\t\t\t\t\t<span>I agree to the <a href=\"https:\/\/dev.ipericon.co.uk\/en\/privacy\/\"> data privacy policy <\/a> .<\/span>\r\n\t\t\t\t\t\t<\/label>\r\n\t\t\t\t\t<\/div>\r\n\t\t\t\t<\/div>\r\n\t\t\t\t\r\n\r\n\t\t\t\t<div class=\"form-group col-md-4\">\r\n\t\t\t\t\t<rs-loader class=\"spinner3\" style=\"display: none;\">\r\n\t\t\t\t\t\t<div class=\"dot1\"><\/div>\r\n\t\t\t\t\t\t<div class=\"dot2\"><\/div>\r\n\t\t\t\t\t\t<div class=\"bounce1\"><\/div>\r\n\t\t\t\t\t\t<div class=\"bounce2\"><\/div>\r\n\t\t\t\t\t\t<div class=\"bounce3\"><\/div>\r\n\t\t\t\t\t<\/rs-loader>\r\n\t\t\t\t\t<button id=\"contact-page-btn-contact-form\" class=\"contact-submit-button\" type=\"submit\" name=\"contact-page-contact-form\" value=\"Demo anfragen\"> Request contact <\/button>\r\n\t\t\t\t<\/div>\r\n\t\t\t<\/div>\r\n\t\t\t\r\n\t\t<input type=\"hidden\" name=\"trp-form-language\" value=\"en\"\/><\/form>\r\n\t<\/div>\r\n\t\r\n\r\n\t\n\t<div class=\"kleo_text_column wpb_content_element\">\n\t\t<div class=\"wpb_wrapper\">\n\t\t\t\n\n\t\t<\/div> \n\t<\/div> <\/div><\/div><\/div><div class=\"wpb_column vc_column_container vc_col-sm-6\"><div class=\"vc_column-inner\"><div class=\"wpb_wrapper\"><\/div><\/div><\/div><\/div><\/div><\/section><!-- end section --><\/section>","protected":false},"excerpt":{"rendered":"Wir sind gerne f\u00fcr Sie da! Best\u00e4tigung: Wir werden in Kurze mit Ihnen in Kontakt treten. Bitte alle erforderlichen Felder korrekt ausf\u00fcllen. Geben Sie bitte eine g\u00fcltige E-Mail Adresse ein. Bitte geben Sie das Datum im richtigen Format ein. Bitte stimmen Sie den Datenschutzbestimmungen zu. Vorname * Nachname * E-Mail * Telefonnummer Firma Teminwunsch Ihr Anliegen Ich stimme den Datenschutzbestimmungen [...]","protected":false},"author":1,"featured_media":0,"parent":0,"menu_order":4,"comment_status":"closed","ping_status":"closed","template":"","meta":{"footnotes":""},"class_list":["post-3323","page","type-page","status-publish","hentry"],"yoast_head":"<!-- This site is optimized with the Yoast SEO plugin v20.10 - https:\/\/yoast.com\/wordpress\/plugins\/seo\/ -->\n<title>Contact - Ipericon UK Ltd.<\/title>\n<meta name=\"description\" content=\"Contact us, we look forward to your enquiry.\" \/>\n<meta name=\"robots\" content=\"index, follow, max-snippet:-1, max-image-preview:large, max-video-preview:-1\" \/>\n<link rel=\"canonical\" href=\"https:\/\/dev.ipericon.co.uk\/en\/contact\/\" \/>\n<meta property=\"og:locale\" content=\"en_GB\" \/>\n<meta property=\"og:type\" content=\"article\" \/>\n<meta property=\"og:title\" content=\"Contact - Ipericon UK Ltd.\" \/>\n<meta property=\"og:description\" content=\"Contact us, we look forward to your enquiry.\" \/>\n<meta property=\"og:url\" content=\"https:\/\/dev.ipericon.co.uk\/en\/contact\/\" \/>\n<meta property=\"og:site_name\" content=\"Ipericon UK Ltd.\" \/>\n<meta property=\"article:publisher\" content=\"https:\/\/www.facebook.com\/buit.group\" \/>\n<meta property=\"article:modified_time\" content=\"2023-07-13T15:15:21+00:00\" \/>\n<meta name=\"twitter:card\" content=\"summary_large_image\" \/>\n<meta name=\"twitter:site\" content=\"@BuIT_Group\" \/>\n<meta name=\"twitter:label1\" content=\"Estimated reading time\" \/>\n\t<meta name=\"twitter:data1\" content=\"1 minute\" \/>\n<script type=\"application\/ld+json\" class=\"yoast-schema-graph\">{\"@context\":\"https:\/\/schema.org\",\"@graph\":[{\"@type\":\"WebPage\",\"@id\":\"https:\/\/dev.ipericon.co.uk\/contact\/\",\"url\":\"https:\/\/dev.ipericon.co.uk\/contact\/\",\"name\":\"Contact - Ipericon UK Ltd.\",\"isPartOf\":{\"@id\":\"https:\/\/dev.ipericon.co.uk\/en\/#website\"},\"datePublished\":\"2021-06-09T10:58:23+00:00\",\"dateModified\":\"2023-07-13T15:15:21+00:00\",\"description\":\"Contact us, we look forward to your enquiry.\",\"inLanguage\":\"en-GB\",\"potentialAction\":[{\"@type\":\"ReadAction\",\"target\":[\"https:\/\/dev.ipericon.co.uk\/contact\/\"]}]},{\"@type\":\"WebSite\",\"@id\":\"https:\/\/dev.ipericon.co.uk\/en\/#website\",\"url\":\"https:\/\/dev.ipericon.co.uk\/en\/\",\"name\":\"Ipericon UK Ltd.\",\"description\":\"tailor-made software solutions in the cloud\",\"potentialAction\":[{\"@type\":\"SearchAction\",\"target\":{\"@type\":\"EntryPoint\",\"urlTemplate\":\"https:\/\/dev.ipericon.co.uk\/en\/?s={search_term_string}\"},\"query-input\":\"required name=search_term_string\"}],\"inLanguage\":\"en-GB\"}]}<\/script>\n<!-- \/ Yoast SEO plugin. -->","yoast_head_json":{"title":"Contact - Ipericon UK Ltd.","description":"Contact us, we look forward to your enquiry.","robots":{"index":"index","follow":"follow","max-snippet":"max-snippet:-1","max-image-preview":"max-image-preview:large","max-video-preview":"max-video-preview:-1"},"canonical":"https:\/\/dev.ipericon.co.uk\/en\/contact\/","og_locale":"en_GB","og_type":"article","og_title":"Contact - Ipericon UK Ltd.","og_description":"Contact us, we look forward to your enquiry.","og_url":"https:\/\/dev.ipericon.co.uk\/en\/contact\/","og_site_name":"Ipericon UK Ltd.","article_publisher":"https:\/\/www.facebook.com\/buit.group","article_modified_time":"2023-07-13T15:15:21+00:00","twitter_card":"summary_large_image","twitter_site":"@BuIT_Group","twitter_misc":{"Estimated reading time":"1 minute"},"schema":{"@context":"https:\/\/schema.org","@graph":[{"@type":"WebPage","@id":"https:\/\/dev.ipericon.co.uk\/contact\/","url":"https:\/\/dev.ipericon.co.uk\/contact\/","name":"Contact - Ipericon UK Ltd.","isPartOf":{"@id":"https:\/\/dev.ipericon.co.uk\/en\/#website"},"datePublished":"2021-06-09T10:58:23+00:00","dateModified":"2023-07-13T15:15:21+00:00","description":"Contact us, we look forward to your enquiry.","inLanguage":"en-GB","potentialAction":[{"@type":"ReadAction","target":["https:\/\/dev.ipericon.co.uk\/contact\/"]}]},{"@type":"WebSite","@id":"https:\/\/dev.ipericon.co.uk\/en\/#website","url":"https:\/\/dev.ipericon.co.uk\/en\/","name":"Ipericon UK Ltd.","description":"tailor-made software solutions in the cloud","potentialAction":[{"@type":"SearchAction","target":{"@type":"EntryPoint","urlTemplate":"https:\/\/dev.ipericon.co.uk\/en\/?s={search_term_string}"},"query-input":"required name=search_term_string"}],"inLanguage":"en-GB"}]}},"_links":{"self":[{"href":"https:\/\/dev.ipericon.co.uk\/en\/wp-json\/wp\/v2\/pages\/3323","targetHints":{"allow":["GET"]}}],"collection":[{"href":"https:\/\/dev.ipericon.co.uk\/en\/wp-json\/wp\/v2\/pages"}],"about":[{"href":"https:\/\/dev.ipericon.co.uk\/en\/wp-json\/wp\/v2\/types\/page"}],"author":[{"embeddable":true,"href":"https:\/\/dev.ipericon.co.uk\/en\/wp-json\/wp\/v2\/users\/1"}],"replies":[{"embeddable":true,"href":"https:\/\/dev.ipericon.co.uk\/en\/wp-json\/wp\/v2\/comments?post=3323"}],"version-history":[{"count":70,"href":"https:\/\/dev.ipericon.co.uk\/en\/wp-json\/wp\/v2\/pages\/3323\/revisions"}],"predecessor-version":[{"id":5391,"href":"https:\/\/dev.ipericon.co.uk\/en\/wp-json\/wp\/v2\/pages\/3323\/revisions\/5391"}],"wp:attachment":[{"href":"https:\/\/dev.ipericon.co.uk\/en\/wp-json\/wp\/v2\/media?parent=3323"}],"curies":[{"name":"wp","href":"https:\/\/api.w.org\/{rel}","templated":true}]}}